{"id":1446,"date":"2017-12-26T20:07:37","date_gmt":"2017-12-26T20:07:37","guid":{"rendered":"http:\/\/elbschule.hamburg.de\/?page_id=1446"},"modified":"2019-12-06T14:30:23","modified_gmt":"2019-12-06T14:30:23","slug":"schuljahr-2016-2017","status":"publish","type":"page","link":"https:\/\/elbschule.hamburg.de\/?page_id=1446","title":{"rendered":"&#8230; und \u00e4lter"},"content":{"rendered":"<p>Hier finden Sie beitr\u00e4ge aus fr\u00fcheren Schuljahren.<\/p>\n<p>Viel Spa\u00df beim St\u00f6bern!<\/p>\n<table style=\"border: none\">\n<tbody>\n<tr>\n<td style=\"border: none;vertical-align: middle\"><img loading=\"lazy\" decoding=\"async\" class=\" wp-image-1749 alignleft\" src=\"https:\/\/elbschule.hamburg.de\/wp-content\/uploads\/sites\/127\/2018\/06\/FB7A3401-21-150x150.jpg\" alt=\"\" width=\"92\" height=\"92\" srcset=\"https:\/\/elbschule.hamburg.de\/wp-content\/uploads\/sites\/127\/2018\/06\/FB7A3401-21-150x150.jpg 150w, https:\/\/elbschule.hamburg.de\/wp-content\/uploads\/sites\/127\/2018\/06\/FB7A3401-21-50x50.jpg 50w\" sizes=\"auto, (max-width: 92px) 100vw, 92px\" \/><\/td>\n<td style=\"border: none;vertical-align: middle\"><a href=\"https:\/\/elbschule.hamburg.de\/?page_id=1776\" target=\"_blank\" rel=\"noopener\"><strong>Elbschulkulturtag 2017<\/strong><\/a><\/td>\n<\/tr>\n<tr>\n<td style=\"border: none;vertical-align: middle\"><img loading=\"lazy\" decoding=\"async\" class=\"alignleft wp-image-1367\" src=\"https:\/\/elbschule.hamburg.de\/wp-content\/uploads\/sites\/127\/2017\/07\/thumb_Schwungtuch7_1024-150x150.jpg\" alt=\"\" width=\"94\" height=\"71\" \/><\/td>\n<td style=\"border: none;vertical-align: middle\"><a href=\"https:\/\/elbschule.hamburg.de\/?page_id=1386\"><strong>Sommerfest der Fr\u00fchf\u00f6rderung<\/strong><\/a><\/td>\n<\/tr>\n<tr>\n<td style=\"border: none;vertical-align: middle\"><img loading=\"lazy\" decoding=\"async\" class=\"alignleft wp-image-1333\" src=\"https:\/\/elbschule.hamburg.de\/wp-content\/uploads\/sites\/127\/2017\/07\/Kletter-Topropeschein-150x150.jpg\" alt=\"\" width=\"94\" height=\"71\" srcset=\"https:\/\/elbschule.hamburg.de\/wp-content\/uploads\/sites\/127\/2017\/07\/Kletter-Topropeschein-300x225.jpg 300w, https:\/\/elbschule.hamburg.de\/wp-content\/uploads\/sites\/127\/2017\/07\/Kletter-Topropeschein-768x576.jpg 768w, https:\/\/elbschule.hamburg.de\/wp-content\/uploads\/sites\/127\/2017\/07\/Kletter-Topropeschein-1024x768.jpg 1024w, https:\/\/elbschule.hamburg.de\/wp-content\/uploads\/sites\/127\/2017\/07\/Kletter-Topropeschein.jpg 2048w\" sizes=\"auto, (max-width: 94px) 100vw, 94px\" \/><\/td>\n<td style=\"border: none;vertical-align: middle\">&nbsp;<\/p>\n<p><a href=\"https:\/\/elbschule.hamburg.de\/?page_id=1334\"><strong>NK Klettern &#8211; Pr\u00fcfung bestanden<\/strong><\/a><\/p>\n<p>&nbsp;<\/td>\n<\/tr>\n<tr>\n<td style=\"border: none;vertical-align: middle\"><img loading=\"lazy\" decoding=\"async\" class=\"alignleft wp-image-1309\" src=\"https:\/\/elbschule.hamburg.de\/wp-content\/uploads\/sites\/127\/2017\/06\/7_1-150x150.jpeg\" alt=\"\" width=\"94\" height=\"94\" \/><\/td>\n<td style=\"border: none;vertical-align: middle\"><a href=\"https:\/\/elbschule.hamburg.de\/?page_id=1308\"><strong>Experimentelle Musik? Was ist das?<\/strong><\/a><\/td>\n<\/tr>\n<tr>\n<td style=\"border: none;vertical-align: middle\"><img loading=\"lazy\" decoding=\"async\" class=\"alignleft wp-image-1289\" src=\"https:\/\/elbschule.hamburg.de\/wp-content\/uploads\/sites\/127\/2017\/06\/De-Sign-bilingual-logo-150x150.jpg\" alt=\"\" width=\"94\" height=\"20\" \/><\/td>\n<td style=\"border: none;vertical-align: middle\"><a href=\"https:\/\/elbschule.hamburg.de\/?page_id=1292\"><strong>De-Sign bilingual<\/strong><\/a><\/td>\n<\/tr>\n<tr>\n<td style=\"border: none;vertical-align: middle\"><img loading=\"lazy\" decoding=\"async\" class=\"alignleft wp-image-1246\" src=\"https:\/\/elbschule.hamburg.de\/wp-content\/uploads\/sites\/127\/2017\/05\/Schulhund-Anni-150x150.jpg\" alt=\"\" width=\"94\" height=\"122\" srcset=\"https:\/\/elbschule.hamburg.de\/wp-content\/uploads\/sites\/127\/2017\/05\/Schulhund-Anni-232x300.jpg 232w, https:\/\/elbschule.hamburg.de\/wp-content\/uploads\/sites\/127\/2017\/05\/Schulhund-Anni-768x994.jpg 768w, https:\/\/elbschule.hamburg.de\/wp-content\/uploads\/sites\/127\/2017\/05\/Schulhund-Anni-792x1024.jpg 792w, https:\/\/elbschule.hamburg.de\/wp-content\/uploads\/sites\/127\/2017\/05\/Schulhund-Anni.jpg 1583w\" sizes=\"auto, (max-width: 94px) 100vw, 94px\" \/><\/td>\n<td style=\"border: none;vertical-align: middle\"><a href=\"https:\/\/elbschule.hamburg.de\/?page_id=1247\"><strong>Die Elbschule hat einen Schulhund<\/strong><\/a><\/td>\n<\/tr>\n<tr>\n<td style=\"border: none;vertical-align: middle\"><\/td>\n<td style=\"border: none;vertical-align: middle\"><\/td>\n<\/tr>\n<tr>\n<td style=\"border: none;vertical-align: middle\"><\/td>\n<td style=\"border: none;vertical-align: middle\">&nbsp;<\/p>\n<p>&nbsp;<\/td>\n<\/tr>\n<\/tbody>\n<\/table>\n","protected":false},"excerpt":{"rendered":"<p>Hier finden Sie beitr\u00e4ge aus fr\u00fcheren Schuljahren. Viel Spa\u00df beim St\u00f6bern! Elbschulkulturtag 2017 Sommerfest der Fr\u00fchf\u00f6rderung &nbsp; NK Klettern &#8211; Pr\u00fcfung bestanden &nbsp; Experimentelle Musik? Was ist das? De-Sign bilingual Die Elbschule hat einen Schulhund &nbsp; &nbsp;<\/p>\n","protected":false},"author":206,"featured_media":0,"parent":0,"menu_order":0,"comment_status":"closed","ping_status":"closed","template":"","meta":{"_acf_changed":false,"footnotes":""},"class_list":["post-1446","page","type-page","status-publish","hentry"],"acf":[],"_links":{"self":[{"href":"https:\/\/elbschule.hamburg.de\/index.php?rest_route=\/wp\/v2\/pages\/1446","targetHints":{"allow":["GET"]}}],"collection":[{"href":"https:\/\/elbschule.hamburg.de\/index.php?rest_route=\/wp\/v2\/pages"}],"about":[{"href":"https:\/\/elbschule.hamburg.de\/index.php?rest_route=\/wp\/v2\/types\/page"}],"author":[{"embeddable":true,"href":"https:\/\/elbschule.hamburg.de\/index.php?rest_route=\/wp\/v2\/users\/206"}],"replies":[{"embeddable":true,"href":"https:\/\/elbschule.hamburg.de\/index.php?rest_route=%2Fwp%2Fv2%2Fcomments&post=1446"}],"version-history":[{"count":1,"href":"https:\/\/elbschule.hamburg.de\/index.php?rest_route=\/wp\/v2\/pages\/1446\/revisions"}],"predecessor-version":[{"id":1448,"href":"https:\/\/elbschule.hamburg.de\/index.php?rest_route=\/wp\/v2\/pages\/1446\/revisions\/1448"}],"wp:attachment":[{"href":"https:\/\/elbschule.hamburg.de\/index.php?rest_route=%2Fwp%2Fv2%2Fmedia&parent=1446"}],"curies":[{"name":"wp","href":"https:\/\/api.w.org\/{rel}","templated":true}]}}