{"id":1353,"date":"2017-07-18T09:37:18","date_gmt":"2017-07-18T09:37:18","guid":{"rendered":"http:\/\/elbschule.hamburg.de\/?page_id=1353"},"modified":"2017-07-18T09:37:18","modified_gmt":"2017-07-18T09:37:18","slug":"was-macht-ein-fsjler-in-unserer-schule-ein-interview-mit-simon","status":"publish","type":"page","link":"https:\/\/elbschule.hamburg.de\/?page_id=1353","title":{"rendered":"Was macht ein FSJler in unserer Schule? Ein Interview mit Simon"},"content":{"rendered":"<p><strong>Wie bist du auf die Idee gekommen, hier ein Freiwilliges Soziales Jahr zu machen?<\/strong><\/p>\n<ul>\n<li>Um mich zu orientieren, ob ich das sp\u00e4ter wirklich machen will.<\/li>\n<\/ul>\n<p><strong>Wie findest du die Kollegen?<\/strong><\/p>\n<ul>\n<li>Ganz gut, es gibt keine Probleme und die Kollegen sind ganz nett.<\/li>\n<\/ul>\n<p><strong>Was machst du den ganzen Tag?<\/strong><\/p>\n<ul>\n<li>Ich betreue hier ein Kind und ich bereite Material f\u00fcr die Lehrer vor.<\/li>\n<\/ul>\n<p><strong>Wie gef\u00e4llt es dir hier mit den Kindern?<\/strong><\/p>\n<ul>\n<li>Gut, auch wenn sie mal nervig sein k\u00f6nnen. Aber jetzt wei\u00df ich, dass ich lieber mit gr\u00f6\u00dferen Kindern arbeiten m\u00f6chte.<\/li>\n<\/ul>\n<p><strong>Wie findest du hier das Mittagessen?<\/strong><\/p>\n<ul>\n<li>Super, es schmeckt.<\/li>\n<\/ul>\n<p><strong>Was machst du nach deinem FSJ?<\/strong><\/p>\n<ul>\n<li>Studieren, Lehramt und dann Spezialisieren zum Sonderp\u00e4dagogik f\u00fcr H\u00f6rgesch\u00e4digte und Geh\u00f6rlose<\/li>\n<\/ul>\n<p><strong>Wie findest du es bis jetzt?<\/strong><\/p>\n<ul>\n<li>Es macht ziemlich Spa\u00df, auch wenn einige Arbeiten nervig und langweilig sind.<\/li>\n<\/ul>\n<p><strong>K\u00f6nntest du dir vorstellen hier zu arbeiten?<\/strong><\/p>\n<ul>\n<li>Ja, klar!<\/li>\n<\/ul>\n<p>&nbsp;<\/p>\n<p>Anna &amp; Samira<\/p>\n<p>&nbsp;<\/p>\n<p>&nbsp;<\/p>\n<p>&nbsp;<\/p>\n<p>&nbsp;<\/p>\n<p>&nbsp;<\/p>\n","protected":false},"excerpt":{"rendered":"<p>Wie bist du auf die Idee gekommen, hier ein Freiwilliges Soziales Jahr zu machen? Um mich zu orientieren, ob ich das sp\u00e4ter wirklich machen will. Wie findest du die Kollegen? Ganz gut, es gibt keine Probleme und die Kollegen sind ganz nett. Was machst du den ganzen Tag? Ich betreue hier ein Kind und ich &hellip; <a href=\"https:\/\/elbschule.hamburg.de\/?page_id=1353\" class=\"more-link\"><span class=\"screen-reader-text\">Was macht ein FSJler in unserer Schule? Ein Interview mit Simon<\/span> weiterlesen <span class=\"meta-nav\">&rarr;<\/span><\/a><\/p>\n","protected":false},"author":207,"featured_media":0,"parent":0,"menu_order":0,"comment_status":"closed","ping_status":"closed","template":"","meta":{"_acf_changed":false,"footnotes":""},"class_list":["post-1353","page","type-page","status-publish","hentry"],"acf":[],"_links":{"self":[{"href":"https:\/\/elbschule.hamburg.de\/index.php?rest_route=\/wp\/v2\/pages\/1353","targetHints":{"allow":["GET"]}}],"collection":[{"href":"https:\/\/elbschule.hamburg.de\/index.php?rest_route=\/wp\/v2\/pages"}],"about":[{"href":"https:\/\/elbschule.hamburg.de\/index.php?rest_route=\/wp\/v2\/types\/page"}],"author":[{"embeddable":true,"href":"https:\/\/elbschule.hamburg.de\/index.php?rest_route=\/wp\/v2\/users\/207"}],"replies":[{"embeddable":true,"href":"https:\/\/elbschule.hamburg.de\/index.php?rest_route=%2Fwp%2Fv2%2Fcomments&post=1353"}],"version-history":[{"count":0,"href":"https:\/\/elbschule.hamburg.de\/index.php?rest_route=\/wp\/v2\/pages\/1353\/revisions"}],"wp:attachment":[{"href":"https:\/\/elbschule.hamburg.de\/index.php?rest_route=%2Fwp%2Fv2%2Fmedia&parent=1353"}],"curies":[{"name":"wp","href":"https:\/\/api.w.org\/{rel}","templated":true}]}}