{"id":1350,"date":"2017-07-18T09:36:26","date_gmt":"2017-07-18T09:36:26","guid":{"rendered":"http:\/\/elbschule.hamburg.de\/?page_id=1350"},"modified":"2017-07-18T09:36:26","modified_gmt":"2017-07-18T09:36:26","slug":"kommentar-zum-thema-g20-gipfel","status":"publish","type":"page","link":"https:\/\/elbschule.hamburg.de\/?page_id=1350","title":{"rendered":"Kommentar zum Thema G20 Gipfel"},"content":{"rendered":"<p>Da ich meinen Bericht geschrieben habe mit den Fragen und Antworten zum G20 Gipfel, habe ich mich entschieden jetzt noch einen Kommentar zu schreiben. Wichtig: Jeder darf in unserem Land seine eigene Meinung sagen.<\/p>\n<p><em>Ich muss zugeben, ich h\u00e4tte etwas mehr erwartet von dem Gipfel, vor allem beim Thema Handel und Klimaschutz. Aber insgesamt bin ich trotzdem zufrieden, weil bei vielen Themen alle einig waren. Ich f\u00e4nde es besser, wenn Donald Trump seine Politik \u00e4ndert in Bezug auf Klimaschutz. Der Erderw\u00e4rmung ist eine Zeitbombe und es wird irgendwann zu sp\u00e4t sein, wenn sich nicht alle rechtzeitig um die Umwelt k\u00fcmmern. Barack Obama wollte daf\u00fcr sorgen, dass die USA die Umwelt sch\u00fctzt, aber das wird wohl nichts mehr mit Donald Trump. Vielleicht \u00e4ndert Trump doch noch eines Tages seine Meinung.<\/em><\/p>\n<p><em>Neben den politischen Ereignissen war ich entsetzt, was die Chaoten vor allem der \u201eSchwarze Block\u201c im Schanzenviertel und au\u00dferhalb der Innenstadt an Sch\u00e4den angerichtet hat! M\u00fclleimer, Auto, Gesch\u00e4fte und Banken wurden zerst\u00f6rt und es gab starke Rauchwolken, weil sie so viele Feuer gelegt hatten. Wenn ich in Medien so die Bilder anschaue, w\u00fcrde ich das Schanzenviertel mit den Kriegsgebieten wie in Syrien vergleichen. Es machte mich fassungslos, wie schlimm es aussah und vor allem wie die Polizisten hart- mehr als 14 Stunden- arbeiten musste. Auf den Bildern in den Medien konnte man sehen, wie die Polizisten am Ende ersch\u00f6pft waren und wie viele davon verletzt waren. Ich wei\u00df ehrlich nicht gesagt, ob 20 000 Polizisten wirklich ausgereicht haben. Ich fand ein bisschen komisch, dass Olaf Scholz als B\u00fcrgermeister sich so versch\u00e4tzt hat. Woher konnte er wissen, dass er uns garantiert, die Polizei sei in der Lage daf\u00fcr zu sorgen, dass es nicht zu Konflikten und Sachbesch\u00e4digung kommt. Ich w\u00fcrde freuen, wenn die Opfer der Sachbesch\u00e4digung und den Demonstrationen eine Entsch\u00e4digung bekommen, so wie es Olaf Scholz und Angela Merkel versprochen haben. Aber es gibt einen Vorteil: Die Polizei kann das n\u00e4chste Mal die Situation vielleicht besser einsch\u00e4tzen und den Schutz der B\u00fcrger besser organisieren. Es war ja so, dass es so etwas noch nie in Hamburg gab. Aber es freut mich, dass es f\u00fcr einige Probleme auf der Welt eine Einigung gab und so hoffen wir auf eine bessere Welt in der Zukunft.<\/em><\/p>\n<p><em>\u00a0<\/em><\/p>\n<p>Das war mein Kommentar zum Thema G20 Gipfel. Danke f\u00fcr das Lesen.<\/p>\n<p>Ich m\u00f6chte mich verabschieden aus dem Wahlpflichtkurs Sch\u00fclerzeitung, Schuljahr 2016\/2017. Es ist mein letzter Artikel vor den Sommerferien. Ich w\u00fcnsche euch sch\u00f6ne Sommerferien und hoffentlich einen guten Sommer.<\/p>\n<p>Von Heinrich Peter Hinners, Klasse 8.<\/p>\n<p>&nbsp;<\/p>\n","protected":false},"excerpt":{"rendered":"<p>Da ich meinen Bericht geschrieben habe mit den Fragen und Antworten zum G20 Gipfel, habe ich mich entschieden jetzt noch einen Kommentar zu schreiben. Wichtig: Jeder darf in unserem Land seine eigene Meinung sagen. Ich muss zugeben, ich h\u00e4tte etwas mehr erwartet von dem Gipfel, vor allem beim Thema Handel und Klimaschutz. Aber insgesamt bin &hellip; <a href=\"https:\/\/elbschule.hamburg.de\/?page_id=1350\" class=\"more-link\"><span class=\"screen-reader-text\">Kommentar zum Thema G20 Gipfel<\/span> weiterlesen <span class=\"meta-nav\">&rarr;<\/span><\/a><\/p>\n","protected":false},"author":207,"featured_media":0,"parent":0,"menu_order":0,"comment_status":"closed","ping_status":"closed","template":"","meta":{"_acf_changed":false,"footnotes":""},"class_list":["post-1350","page","type-page","status-publish","hentry"],"acf":[],"_links":{"self":[{"href":"https:\/\/elbschule.hamburg.de\/index.php?rest_route=\/wp\/v2\/pages\/1350","targetHints":{"allow":["GET"]}}],"collection":[{"href":"https:\/\/elbschule.hamburg.de\/index.php?rest_route=\/wp\/v2\/pages"}],"about":[{"href":"https:\/\/elbschule.hamburg.de\/index.php?rest_route=\/wp\/v2\/types\/page"}],"author":[{"embeddable":true,"href":"https:\/\/elbschule.hamburg.de\/index.php?rest_route=\/wp\/v2\/users\/207"}],"replies":[{"embeddable":true,"href":"https:\/\/elbschule.hamburg.de\/index.php?rest_route=%2Fwp%2Fv2%2Fcomments&post=1350"}],"version-history":[{"count":0,"href":"https:\/\/elbschule.hamburg.de\/index.php?rest_route=\/wp\/v2\/pages\/1350\/revisions"}],"wp:attachment":[{"href":"https:\/\/elbschule.hamburg.de\/index.php?rest_route=%2Fwp%2Fv2%2Fmedia&parent=1350"}],"curies":[{"name":"wp","href":"https:\/\/api.w.org\/{rel}","templated":true}]}}