{"id":1343,"date":"2017-07-18T09:39:19","date_gmt":"2017-07-18T09:39:19","guid":{"rendered":"http:\/\/elbschule.hamburg.de\/?page_id=1343"},"modified":"2017-07-18T09:39:19","modified_gmt":"2017-07-18T09:39:19","slug":"das-g20-gipfel-in-hamburg","status":"publish","type":"page","link":"https:\/\/elbschule.hamburg.de\/?page_id=1343","title":{"rendered":"Das G20 Gipfel in Hamburg"},"content":{"rendered":"<p><a href=\"https:\/\/elbschule.hamburg.de\/wp-content\/uploads\/sites\/127\/2017\/07\/G20-Gipfel.jpg\" data-rel=\"lightbox\" data-rl_title=\"\" data-rl_caption=\"\" title=\"\"><img loading=\"lazy\" decoding=\"async\" class=\"wp-image-1340 aligncenter\" src=\"https:\/\/elbschule.hamburg.de\/wp-content\/uploads\/sites\/127\/2017\/07\/G20-Gipfel.jpg\" alt=\"\" width=\"394\" height=\"295\" srcset=\"https:\/\/elbschule.hamburg.de\/wp-content\/uploads\/sites\/127\/2017\/07\/G20-Gipfel.jpg 640w, https:\/\/elbschule.hamburg.de\/wp-content\/uploads\/sites\/127\/2017\/07\/G20-Gipfel-300x225.jpg 300w\" sizes=\"auto, (max-width: 394px) 100vw, 394px\" \/><\/a><\/p>\n<p>Hallo ihr Leser und Leserinnen,<br \/>\nnun ist es soweit: Vom 7. bis 8. Juli findet der G20 Gipfel in Hamburg statt, zum Ersten Mal in Deutschland. Hier sind interessante Fragen und Antworten dazu:<\/p>\n<ul>\n<li><strong>Was ist der G20 Gipfel?<\/strong><\/li>\n<\/ul>\n<p>G20 sind 20 L\u00e4nder von der ganzen Welt. Davon sind vor allem L\u00e4nder mit einer starken Industrie (Wirtschaft- L\u00e4nder) dabei, aber auch Schwellenl\u00e4nder, das bedeutet: Die L\u00e4nder befinden sich erst noch in der Entwicklung zu starken Wirtschaftsl\u00e4nder, z. B. Brasilien, S\u00fcdafrika, China, Indien und Mexiko. Die starken Industriel\u00e4nder sind z. B. Deutschland, USA, Kanada, Frankreich und Gro\u00dfbritannien. G20 entspricht 2\/3 Drittel aller Erdbewohner und 80 % davon sind verantwortlich f\u00fcr Treibhausgase.<\/p>\n<ul>\n<li><strong>Welche L\u00e4nder sind genau daran beteiligt?<\/strong><\/li>\n<\/ul>\n<p>Das sind USA, Gro\u00dfbritannien, Italien, Russland, Frankreich, S\u00fcdkorea, Australien, China, Japan, Europ\u00e4ische Union, Brasilien, Saudi-Arabien, Argentinien, Indonesien, S\u00fcdafrika, Indien, T\u00fcrkei, Deutschland, Mexiko und Kanada.<\/p>\n<ul>\n<li><strong>Warum findet der G20 Gipfel ausgerechnet in Hamburg statt? <\/strong><\/li>\n<\/ul>\n<p>Deutschland hat am 1. Dezember 2016 die Pr\u00e4sidentschaft \u00fcbernommen von China. Weil Hamburg mit seinem drittgr\u00f6\u00dften Containerhafen Europas eine offene Welthandelsstadt ist, wurde Hamburg von der Bundeskanzlerin Angela Merkel vorgeschlagen. Alle beteiligten L\u00e4nder haben dem zugestimmt.<\/p>\n<ul>\n<li><strong>Was sind die Themen f\u00fcr das G20 Treffen? <\/strong><\/li>\n<\/ul>\n<p>Es werden vor allem die Themen Wirtschaft, Klimaschutz, Hungersnot Afrika, Frauenrechte und Gesundheit besprochen. Wie das Ergebnis verlaufen wird, erf\u00e4hrt man nach dem G20-Treffen.<\/p>\n<ul>\n<li><strong>Wo genau findet sich der G20 Treffen statt?<\/strong><\/li>\n<\/ul>\n<p>Das Treffen findet auf dem Hamburger Messegel\u00e4nde statt. Am Freitagabend wollen die Politiker in der Elbphilharmonie ein Konzert besuchen.<\/p>\n<ul>\n<li><strong>Was kostet das alles?<\/strong><\/li>\n<\/ul>\n<p>Das wei\u00df man nicht so genau, aber nach Kostensch\u00e4tzung soll es mindestens 130 Millionen Euro kosten. Bezahlt wird alles von den Steuern, die wir zahlen. Deutschland zahlt 50 Millionen f\u00fcr das Treffen. Den Rest zahlt mit aller Wahrscheinlichkeit Hamburg alleine.<\/p>\n<ul>\n<li><strong>Wo befinden sich die Sperrzone und die Sicherheitszone?<\/strong><\/li>\n<\/ul>\n<p><em>Gro\u00dfe Sperrzone:<br \/>\n<\/em>Das ganze Messegel\u00e4nde ist Sperrzone. Die Sicherheitszone liegt um das Messegel\u00e4nde wie Planten und Blomen, Hamburger Fernsehturm und in anliegenden Stra\u00dfen. Es gibt in diesem Gebiet 14 Durchlassstellen f\u00fcr Bewohner, Firmenmitarbeiter, Besucher und Personen, die berechtigt sind dorthin zu gehen. In den Durchlassstellen werden die Personen gepr\u00fcft und kontrolliert.<\/p>\n<p><em>Kleine Sperrzone:<br \/>\n<\/em>Das Geb\u00e4ude der Elbphilharmonie gilt als Sperrgebiet. Au\u00dfen herum bis zu den Marco-Polo-Terrassen und zu dem westlichen U-Bahnhof Baumwall, sowie bis zum s\u00fcdlichen Steinwerder Hafen und bis zur n\u00f6rdlichen Speicherstadt gilt die Sicherheitszone.<\/p>\n<ul>\n<li><strong>Wie fahren die Busse, Autos und Z\u00fcge? <\/strong><\/li>\n<\/ul>\n<p>Die Z\u00fcge sollen normal fahren wie bisher, nur ein paar Stationen werden nicht bedient, die zu nah an der Sperrzone liegen. Die Busse fahren auch wie bisher, aber nicht in die Innenstadt. Zum Beispiel eine Linie von Altona Bahnhof f\u00e4hrt zum Beispiel nur bis Landungsbr\u00fccken. Die HVV hatte informiert, man sollte lieber dem Auto nicht in die Innenstadt fahren weil es dort starke Einschr\u00e4nkung gibt und es k\u00f6nnte sehr viel Staus bilden. Wenn die Pr\u00e4sidenten mit ihrer Limousine zum Messegel\u00e4nde fahren, muss die Stra\u00dfe frei von Autoverkehr sein; das hei\u00dft: Es kommt zu starken Staus auf Hamburgs Stra\u00dfen.<\/p>\n<ul>\n<li><strong>Gibt es Demonstrationen wegen das G20 Treffen?<\/strong><\/li>\n<\/ul>\n<p>Ja, es sind fast 30 Demonstrationen angemeldet, es k\u00f6nnte aber weiter steigen und es nehmen mehr als 100 000 Menschen teil von ganz Europa, die gegen G20 Gipfel sind. Sie protestieren gegen die verschiedenen Staatspr\u00e4sidenten und deren Politik.<\/p>\n<ul>\n<li><strong>Seit wann gab es schon G20 Treffen? <\/strong><\/li>\n<\/ul>\n<p>Die gab es seit 2008 wegen der Wirtschaftskrise. Jedes Jahr findet der G20 Gipfel in unterschiedlichen Orten statt wie Washington D.C., London, Cannes, Sankt Petersburg und nun Hamburg.<\/p>\n<ul>\n<li><strong>Was ist mit der Elbschule und den anderen Schulen?<\/strong><\/li>\n<\/ul>\n<p>Die Eltern von der Elbschule haben vor ein paar Wochen einen Brief bekommen, ob man sein Kind von der Schule abmeldet oder zur Schule schickt. Sie konnten es selbst entscheiden. In anderen Schulen ist es so, dass die Sch\u00fcler\/innen Schulpflicht haben und zur Schule kommen m\u00fcssen. Weil aber viele Sch\u00fcler \u00fcberall aus Hamburg und Umland kommen und durch die Sperrzone mit der Bahn fahren m\u00fcssen, k\u00f6nnte es gef\u00e4hrlich werden durch die Demonstrationen.<\/p>\n<p>Von Heinrich Peter Hinners<\/p>\n","protected":false},"excerpt":{"rendered":"<p>Hallo ihr Leser und Leserinnen, nun ist es soweit: Vom 7. bis 8. Juli findet der G20 Gipfel in Hamburg statt, zum Ersten Mal in Deutschland. Hier sind interessante Fragen und Antworten dazu: Was ist der G20 Gipfel? G20 sind 20 L\u00e4nder von der ganzen Welt. Davon sind vor allem L\u00e4nder mit einer starken Industrie &hellip; <a href=\"https:\/\/elbschule.hamburg.de\/?page_id=1343\" class=\"more-link\"><span class=\"screen-reader-text\">Das G20 Gipfel in Hamburg<\/span> weiterlesen <span class=\"meta-nav\">&rarr;<\/span><\/a><\/p>\n","protected":false},"author":207,"featured_media":0,"parent":0,"menu_order":0,"comment_status":"closed","ping_status":"closed","template":"","meta":{"_acf_changed":false,"footnotes":""},"class_list":["post-1343","page","type-page","status-publish","hentry"],"acf":[],"_links":{"self":[{"href":"https:\/\/elbschule.hamburg.de\/index.php?rest_route=\/wp\/v2\/pages\/1343","targetHints":{"allow":["GET"]}}],"collection":[{"href":"https:\/\/elbschule.hamburg.de\/index.php?rest_route=\/wp\/v2\/pages"}],"about":[{"href":"https:\/\/elbschule.hamburg.de\/index.php?rest_route=\/wp\/v2\/types\/page"}],"author":[{"embeddable":true,"href":"https:\/\/elbschule.hamburg.de\/index.php?rest_route=\/wp\/v2\/users\/207"}],"replies":[{"embeddable":true,"href":"https:\/\/elbschule.hamburg.de\/index.php?rest_route=%2Fwp%2Fv2%2Fcomments&post=1343"}],"version-history":[{"count":0,"href":"https:\/\/elbschule.hamburg.de\/index.php?rest_route=\/wp\/v2\/pages\/1343\/revisions"}],"wp:attachment":[{"href":"https:\/\/elbschule.hamburg.de\/index.php?rest_route=%2Fwp%2Fv2%2Fmedia&parent=1343"}],"curies":[{"name":"wp","href":"https:\/\/api.w.org\/{rel}","templated":true}]}}