{"id":1267,"date":"2017-05-30T13:29:49","date_gmt":"2017-05-30T13:29:49","guid":{"rendered":"http:\/\/elbschule.hamburg.de\/?page_id=1267"},"modified":"2017-05-30T13:29:57","modified_gmt":"2017-05-30T13:29:57","slug":"interview-zum-schulhund","status":"publish","type":"page","link":"https:\/\/elbschule.hamburg.de\/?page_id=1267","title":{"rendered":"Interview zum Schulhund"},"content":{"rendered":"<p>Ein Interview mit der Besitzerin des Hundes Frau von Puttkamer\u2026 Sie ist Lehrerin und unterrichtet in den Klassen sieben, acht und neun der Abteilung I.<\/p>\n<ul>\n<li><strong>Wie hei\u00dft unser Schulhund?<br \/>\n<\/strong>Anni.<a href=\"https:\/\/elbschule.hamburg.de\/wp-content\/uploads\/sites\/127\/2017\/05\/Schulhund-Anni-1.jpg\" data-rel=\"lightbox\" data-rl_title=\"\" data-rl_caption=\"\" title=\"\"><img loading=\"lazy\" decoding=\"async\" class=\"wp-image-1255 aligncenter\" src=\"https:\/\/elbschule.hamburg.de\/wp-content\/uploads\/sites\/127\/2017\/05\/Schulhund-Anni-1.jpg\" alt=\"\" width=\"351\" height=\"197\" srcset=\"https:\/\/elbschule.hamburg.de\/wp-content\/uploads\/sites\/127\/2017\/05\/Schulhund-Anni-1.jpg 2048w, https:\/\/elbschule.hamburg.de\/wp-content\/uploads\/sites\/127\/2017\/05\/Schulhund-Anni-1-300x168.jpg 300w, https:\/\/elbschule.hamburg.de\/wp-content\/uploads\/sites\/127\/2017\/05\/Schulhund-Anni-1-768x431.jpg 768w, https:\/\/elbschule.hamburg.de\/wp-content\/uploads\/sites\/127\/2017\/05\/Schulhund-Anni-1-1024x575.jpg 1024w\" sizes=\"auto, (max-width: 351px) 100vw, 351px\" \/><\/a><\/li>\n<\/ul>\n<ul>\n<li><strong>Wie alt ist der Schulhund?<br \/>\n<\/strong>Sie ist 4 Jahre und drei Monate alt.<\/li>\n<\/ul>\n<ul>\n<li><strong>Warum ist dieser Hund ausgerechnet unser Schulhund?<br \/>\n<\/strong>Anni ist ein Labrador Retriever und das ist eine Hunderasse, die sehr freundlich ist und somit bestens geeignet als Schulhund. Sie ist gehorsam, mag Kinder sehr gerne, kann Stress vertragen und freut sich immer \u00fcber die Menschen, denen sie begegnet.<\/li>\n<\/ul>\n<ul>\n<li><strong>Und wie ist es entstanden, dass wir einen Schulhund bekommen?<br \/>\n<\/strong>Ich habe immer wieder erlebt, dass Anni gerne mit Kindern spielt, gut auf Kommandos h\u00f6rt und so viel Freude schenkt. Und da dachte ich, dass es f\u00fcr viele Sch\u00fcler eine sch\u00f6ne Abwechslung sein kann, wenn Anni in den Unterricht mitkommt. Es gibt auch Sch\u00fcler, die Angst vor Hunden haben und so k\u00f6nnen sie lernen, dass Hunde sehr lieb sein k\u00f6nnen und wie man sich verhalten sollte, damit es Spa\u00df macht, einem Hund zu begegnen.<\/li>\n<\/ul>\n<ul>\n<li><strong>Wer hat entschieden, dass Ihr Hund unser Schulhund sein soll?<br \/>\n<\/strong>Die Schulkonferenz hat nach einer Probezeit im letzten Schulhalbjahr dar\u00fcber abgestimmt, nachdem das Konzept und die Umfrageergebnisse (Sch\u00fcler und Lehrer) vorgestellt wurden.<\/li>\n<\/ul>\n<ul>\n<li><strong>Was tut Ihr Hund gerne und was frisst ihr Hund sehr gerne?<br \/>\n<\/strong>Sie liebt es, mit dem Ball zu spielen, spazieren zu gehen, zu schlafen, zu kuscheln und zu FRESSEN!!! Am liebsten Leberwurst, Spaghetti, K\u00e4se und mein Schulbrot.<\/li>\n<\/ul>\n<ul>\n<li><strong>Ist Ihr Hund anstrengend?<br \/>\n<\/strong>Nein \u00fcberhaupt nicht, aber wir m\u00fcssen viel mit ihr spazieren gehen und das kostet viel Zeit am Tag \u2013 aber das macht ja auch Spa\u00df! Ansonsten ist sie sehr gen\u00fcgsam.<\/li>\n<li><strong>Wie lange ist Ihr Hund schon unser Schulhund?<br \/>\n<\/strong>Seit Sommer 2016.<\/li>\n<li><strong>Wann ist Ihr Hund immer bei uns in der Schule?<br \/>\n<\/strong>Dienstag und Freitag kommt Anni mit mir in die Schule.<\/li>\n<li><strong>Hat unser Schulhund eine Besonderheit?<br \/>\n<\/strong>Sie bringt Besuchern immer ein \u201cGeschenk\u201c (ein Spielzeug, einen Schuh, oder einen Strumpf), wenn jemand kommt, weil sie sich so dar\u00fcber freut. Und dann wackelt sie mit dem Hinterteil!<\/li>\n<li><strong>Wie ist die Kommunikation und der Umgang mit den Sch\u00fcler\/innen und den Schulhund?<br \/>\n<\/strong>Sehr gut, weil sie die Kommandos befolgt, wenn man sie laut und deutlich ausspricht, sie aber auch auf einige Handzeichen h\u00f6rt.<\/li>\n<\/ul>\n<ul>\n<li><strong>Was sind die Regeln f\u00fcr unseren Schulhund?<br \/>\n<\/strong>Sie darf nicht in die Kantine, in die Toiletten oder in die Teek\u00fcchen.<\/li>\n<\/ul>\n<ul>\n<li><strong>Kann jeder mit dem Schulhund spielen oder sie streicheln?<br \/>\n<\/strong>Ja, aber bitte mich erst fragen!<\/li>\n<li><strong>Wenn der Schulhund bei uns ist, wo h\u00e4lt er sich am meisten auf? Hat Ihr Hund auch eine Bleibe in der Schule?<br \/>\n<\/strong>Anni ist immer bei mir und folgt mir dahin, wo ich unterrichte. Das hei\u00dft fast immer im Klassenzimmer. Dort steht auch ihr K\u00f6rbchen. Aber sie liegt auch gerne mitten im Klassenzimmer auf dem Boden.<\/li>\n<li><strong>Gab es auch schon vorher einmal einen anderen Schulhund?<br \/>\n<\/strong>In der Elbschule gab es noch keinen Hund vorher. Das ist neu bei uns! Aber an vielen anderen Schulen in Hamburg gibt es auch Schulhunde. Alle haben gute Erfahrungen gemacht, das Schulleben wird bunter und fr\u00f6hlicher.<\/li>\n<li><strong>Was ist, wenn unser Schulhund mal muss auf dem Schulgel\u00e4nde?<br \/>\n<\/strong>Das erledigt sie immer vor der Schule und in den Pausen auf der Hundewiese.<\/li>\n<li><strong>Wie pflegen wir unseren Schulhund?<br \/>\n<\/strong>Indem keiner Anni \u00e4rgert, erschreckt oder gemein zu ihr ist. Dann wird sie weiterhin sehr gerne in die Schule kommen. Wichtig ist auch, dass nicht alle Sch\u00fcler sich auf einmal auf sie st\u00fcrzen und laut kreischen. Das strengt sie an. Sie ist meistens sehr m\u00fcde nach einem Schultag, weil da so viel los ist. Aber ich merke, dass sie sich immer auf euch alle freut. Nur das Autofahren dorthin liebt sie nicht!<\/li>\n<\/ul>\n<p>Von Heinrich Peter<\/p>\n","protected":false},"excerpt":{"rendered":"<p>Ein Interview mit der Besitzerin des Hundes Frau von Puttkamer\u2026 Sie ist Lehrerin und unterrichtet in den Klassen sieben, acht und neun der Abteilung I. Wie hei\u00dft unser Schulhund? Anni. Wie alt ist der Schulhund? Sie ist 4 Jahre und drei Monate alt. Warum ist dieser Hund ausgerechnet unser Schulhund? Anni ist ein Labrador Retriever &hellip; <a href=\"https:\/\/elbschule.hamburg.de\/?page_id=1267\" class=\"more-link\"><span class=\"screen-reader-text\">Interview zum Schulhund<\/span> weiterlesen <span class=\"meta-nav\">&rarr;<\/span><\/a><\/p>\n","protected":false},"author":207,"featured_media":0,"parent":0,"menu_order":0,"comment_status":"closed","ping_status":"closed","template":"","meta":{"_acf_changed":false,"footnotes":""},"class_list":["post-1267","page","type-page","status-publish","hentry"],"acf":[],"_links":{"self":[{"href":"https:\/\/elbschule.hamburg.de\/index.php?rest_route=\/wp\/v2\/pages\/1267","targetHints":{"allow":["GET"]}}],"collection":[{"href":"https:\/\/elbschule.hamburg.de\/index.php?rest_route=\/wp\/v2\/pages"}],"about":[{"href":"https:\/\/elbschule.hamburg.de\/index.php?rest_route=\/wp\/v2\/types\/page"}],"author":[{"embeddable":true,"href":"https:\/\/elbschule.hamburg.de\/index.php?rest_route=\/wp\/v2\/users\/207"}],"replies":[{"embeddable":true,"href":"https:\/\/elbschule.hamburg.de\/index.php?rest_route=%2Fwp%2Fv2%2Fcomments&post=1267"}],"version-history":[{"count":0,"href":"https:\/\/elbschule.hamburg.de\/index.php?rest_route=\/wp\/v2\/pages\/1267\/revisions"}],"wp:attachment":[{"href":"https:\/\/elbschule.hamburg.de\/index.php?rest_route=%2Fwp%2Fv2%2Fmedia&parent=1267"}],"curies":[{"name":"wp","href":"https:\/\/api.w.org\/{rel}","templated":true}]}}