{"id":1263,"date":"2017-05-30T13:14:34","date_gmt":"2017-05-30T13:14:34","guid":{"rendered":"http:\/\/elbschule.hamburg.de\/?page_id=1263"},"modified":"2017-05-30T13:14:34","modified_gmt":"2017-05-30T13:14:34","slug":"ab-nach-australien","status":"publish","type":"page","link":"https:\/\/elbschule.hamburg.de\/?page_id=1263","title":{"rendered":"Ab nach Australien!"},"content":{"rendered":"<p>Lea (14) und Fabian (15) haben am 6. Juniorcamp des <a href=\"https:\/\/elbschule.hamburg.de\/wp-content\/uploads\/sites\/127\/2017\/05\/Australien.jpg\" data-rel=\"lightbox\" data-rl_title=\"\" data-rl_caption=\"\" title=\"\"><img loading=\"lazy\" decoding=\"async\" class=\" wp-image-1256 alignright\" src=\"https:\/\/elbschule.hamburg.de\/wp-content\/uploads\/sites\/127\/2017\/05\/Australien.jpg\" alt=\"\" width=\"291\" height=\"218\" srcset=\"https:\/\/elbschule.hamburg.de\/wp-content\/uploads\/sites\/127\/2017\/05\/Australien.jpg 1040w, https:\/\/elbschule.hamburg.de\/wp-content\/uploads\/sites\/127\/2017\/05\/Australien-300x225.jpg 300w, https:\/\/elbschule.hamburg.de\/wp-content\/uploads\/sites\/127\/2017\/05\/Australien-768x576.jpg 768w, https:\/\/elbschule.hamburg.de\/wp-content\/uploads\/sites\/127\/2017\/05\/Australien-1024x768.jpg 1024w\" sizes=\"auto, (max-width: 291px) 100vw, 291px\" \/><\/a>Weltverbandes der Geh\u00f6rlosen in Australien teil genommen. Die beiden lernen seit vier bzw. f\u00fcnf Jahren im Englischunterricht British Sign Language (BSL), und k\u00f6nnen somit auch die Australischen Geb\u00e4rdensprache ganz gut verstehen. Lea, Fabian und ein M\u00e4dchen aus Dortmund durften die Deutsche Geh\u00f6rlosen Jugend vom 9. bis 17. April 2017 auf Phillip Island im Bundesstaat Victoria vertreten.<\/p>\n<p>Wir haben sie nach ihrer Reise interviewt:<\/p>\n<p><strong>Wo wart ihr?<\/strong><br \/>\nIn Australien.<\/p>\n<p><strong>Was habt ihr da gemacht?<\/strong><br \/>\nWir haben uns die Kultur angeschaut.<\/p>\n<p><strong>Wer war mit euch da?<\/strong><br \/>\nEin M\u00e4dchen aus Dortmund und eine Lehrerin.<\/p>\n<p><strong>Wie seid ihr dahingekommen?<\/strong><br \/>\nWir sind mit dem Flugzeug dahin geflogen.<\/p>\n<p><strong>Wie war das Gef\u00fchl, als ihr angekommen seid?<br \/>\n<\/strong>Wir waren aufgeregt, was uns erwartet und es war sehr interessant.<\/p>\n<p><strong>W\u00fcrdet ihr es noch mal machen?<br \/>\n<\/strong>Ja klar!<\/p>\n<p><strong>War es warm?<br \/>\n<\/strong>Es war ca. 25 Grad warm.<\/p>\n<p><strong>Wie lange wart ihr da?<\/strong><br \/>\n2 Wochen.<\/p>\n<p><strong>Wo habt ihr gewohnt?<br \/>\n<\/strong>In einem Jugendhaus.<\/p>\n<p><strong>Wo genau wart ihr genau?<br \/>\n<\/strong>Auf der Insel Phillip Island<\/p>\n<p><strong>Was hat euch gefallen?<br \/>\n<\/strong>Lea: Mir hat alles gefallen.<\/p>\n<p>Fabian: Verschiedenes, z.B das Chinesische Essen<\/p>\n<p><strong>Wie war die Zeitumstellung?<br \/>\n<\/strong>Die Zeitumstellung war komisch mit dem Schlafen.<\/p>\n<p><strong>Hat es Spa\u00df gemacht?<br \/>\n<\/strong>Ja, es hat sehr viel Spa\u00df gemacht.<\/p>\n<p><strong>Welche Sprache(Geb\u00e4rdensprache)musstet ihr sprechen?<br \/>\n<\/strong>Wir mussten Englische Geb\u00e4rdensprache sprechen.<\/p>\n<p><strong>Wie teuer war das?<\/strong><br \/>\n380 Euro<\/p>\n<p>Vielen Dank f\u00fcr das Interview!<br \/>\nVon Sarah, Samira, Anna<\/p>\n<p>&nbsp;<\/p>\n<p>&nbsp;<\/p>\n<p>&nbsp;<\/p>\n<p>&nbsp;<\/p>\n<p>&nbsp;<\/p>\n<p>&nbsp;<\/p>\n<p>&nbsp;<\/p>\n<p>&nbsp;<\/p>\n<p>&nbsp;<\/p>\n","protected":false},"excerpt":{"rendered":"<p>Lea (14) und Fabian (15) haben am 6. Juniorcamp des Weltverbandes der Geh\u00f6rlosen in Australien teil genommen. Die beiden lernen seit vier bzw. f\u00fcnf Jahren im Englischunterricht British Sign Language (BSL), und k\u00f6nnen somit auch die Australischen Geb\u00e4rdensprache ganz gut verstehen. Lea, Fabian und ein M\u00e4dchen aus Dortmund durften die Deutsche Geh\u00f6rlosen Jugend vom 9. &hellip; <a href=\"https:\/\/elbschule.hamburg.de\/?page_id=1263\" class=\"more-link\"><span class=\"screen-reader-text\">Ab nach Australien!<\/span> weiterlesen <span class=\"meta-nav\">&rarr;<\/span><\/a><\/p>\n","protected":false},"author":207,"featured_media":0,"parent":0,"menu_order":0,"comment_status":"closed","ping_status":"closed","template":"","meta":{"_acf_changed":false,"footnotes":""},"class_list":["post-1263","page","type-page","status-publish","hentry"],"acf":[],"_links":{"self":[{"href":"https:\/\/elbschule.hamburg.de\/index.php?rest_route=\/wp\/v2\/pages\/1263","targetHints":{"allow":["GET"]}}],"collection":[{"href":"https:\/\/elbschule.hamburg.de\/index.php?rest_route=\/wp\/v2\/pages"}],"about":[{"href":"https:\/\/elbschule.hamburg.de\/index.php?rest_route=\/wp\/v2\/types\/page"}],"author":[{"embeddable":true,"href":"https:\/\/elbschule.hamburg.de\/index.php?rest_route=\/wp\/v2\/users\/207"}],"replies":[{"embeddable":true,"href":"https:\/\/elbschule.hamburg.de\/index.php?rest_route=%2Fwp%2Fv2%2Fcomments&post=1263"}],"version-history":[{"count":0,"href":"https:\/\/elbschule.hamburg.de\/index.php?rest_route=\/wp\/v2\/pages\/1263\/revisions"}],"wp:attachment":[{"href":"https:\/\/elbschule.hamburg.de\/index.php?rest_route=%2Fwp%2Fv2%2Fmedia&parent=1263"}],"curies":[{"name":"wp","href":"https:\/\/api.w.org\/{rel}","templated":true}]}}