{"id":1247,"date":"2017-05-17T09:21:15","date_gmt":"2017-05-17T09:21:15","guid":{"rendered":"http:\/\/elbschule.hamburg.de\/?page_id=1247"},"modified":"2017-05-30T18:16:36","modified_gmt":"2017-05-30T18:16:36","slug":"die-elbschule-hat-einen-schulhund","status":"publish","type":"page","link":"https:\/\/elbschule.hamburg.de\/?page_id=1247","title":{"rendered":"Die Elbschule hat einen Schulhund!"},"content":{"rendered":"<p><a href=\"https:\/\/elbschule.hamburg.de\/wp-content\/uploads\/sites\/127\/2017\/05\/Schulhund-Anni.jpg\" data-rel=\"lightbox\" data-rl_title=\"\" data-rl_caption=\"\" title=\"\"><img loading=\"lazy\" decoding=\"async\" class=\"wp-image-1246 alignright\" src=\"https:\/\/elbschule.hamburg.de\/wp-content\/uploads\/sites\/127\/2017\/05\/Schulhund-Anni.jpg\" alt=\"\" width=\"268\" height=\"347\" srcset=\"https:\/\/elbschule.hamburg.de\/wp-content\/uploads\/sites\/127\/2017\/05\/Schulhund-Anni.jpg 1583w, https:\/\/elbschule.hamburg.de\/wp-content\/uploads\/sites\/127\/2017\/05\/Schulhund-Anni-232x300.jpg 232w, https:\/\/elbschule.hamburg.de\/wp-content\/uploads\/sites\/127\/2017\/05\/Schulhund-Anni-768x994.jpg 768w, https:\/\/elbschule.hamburg.de\/wp-content\/uploads\/sites\/127\/2017\/05\/Schulhund-Anni-792x1024.jpg 792w\" sizes=\"auto, (max-width: 268px) 100vw, 268px\" \/><\/a>Hundegest\u00fctzte P\u00e4dagogik hei\u00dft das neue Konzept, das \u2013 nach einer halbj\u00e4hrigen Probezeit und dem Beschluss der Schulkonferenz \u2013 nun in der Elbschule umgesetzt wird.<\/p>\n<p><strong>Was ist ein Schulhund? <\/strong><\/p>\n<p>\u201aDer <em><strong>Schulhund<\/strong><\/em> ist ein Hund, der seinen Hundef\u00fchrer im schulischen Einsatz regelm\u00e4\u00dfig begleitet und den P\u00e4dagogen durch seine Anwesenheit und gezielte Interaktionen mit den Sch\u00fclern bei der Umsetzung seiner Ziele unterst\u00fctzt. Die Arbeit an individuellen F\u00f6rderschwerpunkten der Sch\u00fcler wird durch den Hund begleitet.<\/p>\n<p>Als Co-P\u00e4dagoge unterst\u00fctzt der Hund dabei den Lehrer oder Erzieher bei dessen Erziehungs- und Bildungsauftrag. Der Umfang und die Inhalte des hundgest\u00fctzten Unterrichts variieren dabei von der reinen Anwesenheit des Hundes in der Schule bis hin zur aktiven Teilnahme des Vierbeiners als Vorbild und Lernkamerad im Unterricht.\u2019 (Heyer\/Kloke 2012)<\/p>\n<p><strong>Wer ist der Schulhund?<\/strong><\/p>\n<p>Anni ist eine vierj\u00e4hrige Labradorh\u00fcndin. Sie besitzt ein sehr ausgeglichenes, ruhiges und vertr\u00e4gliches Wesen. Sie versteht sich mit anderen Tieren, ist freundlich gegen\u00fcber Menschen und sie mag besonders Kinder! Jeden Dienstag und Freitag begleitet Anni mich in den Unterricht der Klassen 9I und 7I. Dort hat sie ihren festen Platz im Klassenzimmer, darf sich aber auch frei bewegen im Raum, um sich ein Streicheln von den Sch\u00fclern abzuholen. Manchmal legt sie sich auch neben einen Sch\u00fcler und tut einfach gut durch ihre Anwesenheit.<\/p>\n<p>Vor der Schule und in den Pausen gehen einige Sch\u00fcler mit Anni und mir auf die Hundewiese gegen\u00fcber der Elbschule. Dort tobt sie sich aus beim Ballspiel. Das macht allen Spa\u00df und ist eine sch\u00f6ne Pause zwischen den Unterrichtsstunden. Die Sch\u00fcler lernen die Kommandos, auf die Anni sehr gut h\u00f6rt. Sie kennen auch die Regeln im Umgang mit Anni und wenden diese gewissenhaft an.<\/p>\n<p>Anni ist unter tier\u00e4rztlicher Kontrolle und wird regelm\u00e4\u00dfig geimpft und entwurmt. Sie darf nicht die Kantine, K\u00fcchen oder Toiletten betreten und die Sch\u00fcler werden nach dem Streicheln stets aufgefordert, sich die H\u00e4nde zu waschen. Einer der Sch\u00fcler mit einer ausgewiesenen Hundeallergie hat keine allergischen Reaktionen auf den Hund gezeigt.<\/p>\n<p>Umfragen bei den Sch\u00fclern und Kollegen haben ergeben, dass die \u00fcberwiegende Mehrheit die Anwesenheit von Anni im Schulgeb\u00e4ude als \u00e4u\u00dferst positiv empfindet. Die Sch\u00fcler f\u00fchlen sich nicht abgelenkt, im Gegenteil: Sie k\u00f6nnen sich besser konzentrieren und sind motivierter beim Arbeiten. Die Lernatmosph\u00e4re ist viel ruhiger geworden, wenn sie im Unterricht dabei ist: Keiner will sie beim Schlafen st\u00f6ren!<\/p>\n<p>Einen Einblick in den Schulalltag mit Anni gibt folgender Film:<\/p>\n<div class=\"external_content_blocker_container\" data-content-rel=\"youtube\" data-content-replacement=\"%3Ciframe%20title%3D%22Schulhund%20Anni%22%20width%3D%22474%22%20height%3D%22267%22%20src%3D%22https%3A%2F%2Fwww.youtube-nocookie.com%2Fembed%2F7_516F5XG60%3Ffeature%3Doembed%22%20frameborder%3D%220%22%20allow%3D%22accelerometer%3B%20autoplay%3B%20clipboard-write%3B%20encrypted-media%3B%20gyroscope%3B%20picture-in-picture%3B%20web-share%22%20referrerpolicy%3D%22strict-origin-when-cross-origin%22%20allowfullscreen%3E%3C%2Fiframe%3E\" data-content-domain=\"www.youtube-nocookie.com\" data-content-site-id=\"127\" data-additional-tags=\"false\" style=\"padding:24px 12px;color:#0f0f0f;border-radius:0px;background-color:#ececec;\">\n<div class=\"external_content_blocker_wrapper\">\n<div class=\"external_content_blocker_content\">\n<div class=\"external_content_blocker_text\" style=\"\">\n<p>Bei Aktivierung des Videos werden Daten an Google \u00fcbermittelt. <br \/><a href=\"https:\/\/policies.google.com\/privacy?hl=de&amp;gl=de\" target=\"_blank\" rel=\"noopener\">Datenschutzerkl\u00e4rung von Google<\/a><\/p>\n<\/div>\n<div class=\"external_content_blocker_button\"><a class=\"enable-external-content\" href=\"#enable_external_content\" style=\"padding:5px 15px;border-radius:3px;background-color:#ff0000;color:#ffffff;\" >YouTube-Video laden<\/a><a class=\"enable-all-external-content\" href=\"#enable_all_external_content\" data-content-rel=\"youtube\" style=\"padding:5px 15px;border-radius:3px;background-color:#ff0000;color:#ffffff;\">YouTube-Videos immer laden<\/a><\/div>\n<div class=\"external_content_blocker_global_link\"><a href=\"#enable_global_external_content\" style=\"color:#0f0f0f;\">Externen Inhalte immer anzeigen<\/a><\/div>\n<\/div>\n<\/div>\n<\/div>\n<p>Katharina von Puttkamer<\/p>\n<p>&nbsp;<\/p>\n<p>&nbsp;<\/p>\n","protected":false},"excerpt":{"rendered":"<p>Hundegest\u00fctzte P\u00e4dagogik hei\u00dft das neue Konzept, das \u2013 nach einer halbj\u00e4hrigen Probezeit und dem Beschluss der Schulkonferenz \u2013 nun in der Elbschule umgesetzt wird. Was ist ein Schulhund? \u201aDer Schulhund ist ein Hund, der seinen Hundef\u00fchrer im schulischen Einsatz regelm\u00e4\u00dfig begleitet und den P\u00e4dagogen durch seine Anwesenheit und gezielte Interaktionen mit den Sch\u00fclern bei der &hellip; <a href=\"https:\/\/elbschule.hamburg.de\/?page_id=1247\" class=\"more-link\"><span class=\"screen-reader-text\">Die Elbschule hat einen Schulhund!<\/span> weiterlesen <span class=\"meta-nav\">&rarr;<\/span><\/a><\/p>\n","protected":false},"author":207,"featured_media":0,"parent":0,"menu_order":0,"comment_status":"closed","ping_status":"closed","template":"","meta":{"_acf_changed":false,"footnotes":""},"class_list":["post-1247","page","type-page","status-publish","hentry"],"acf":[],"_links":{"self":[{"href":"https:\/\/elbschule.hamburg.de\/index.php?rest_route=\/wp\/v2\/pages\/1247","targetHints":{"allow":["GET"]}}],"collection":[{"href":"https:\/\/elbschule.hamburg.de\/index.php?rest_route=\/wp\/v2\/pages"}],"about":[{"href":"https:\/\/elbschule.hamburg.de\/index.php?rest_route=\/wp\/v2\/types\/page"}],"author":[{"embeddable":true,"href":"https:\/\/elbschule.hamburg.de\/index.php?rest_route=\/wp\/v2\/users\/207"}],"replies":[{"embeddable":true,"href":"https:\/\/elbschule.hamburg.de\/index.php?rest_route=%2Fwp%2Fv2%2Fcomments&post=1247"}],"version-history":[{"count":1,"href":"https:\/\/elbschule.hamburg.de\/index.php?rest_route=\/wp\/v2\/pages\/1247\/revisions"}],"predecessor-version":[{"id":1253,"href":"https:\/\/elbschule.hamburg.de\/index.php?rest_route=\/wp\/v2\/pages\/1247\/revisions\/1253"}],"wp:attachment":[{"href":"https:\/\/elbschule.hamburg.de\/index.php?rest_route=%2Fwp%2Fv2%2Fmedia&parent=1247"}],"curies":[{"name":"wp","href":"https:\/\/api.w.org\/{rel}","templated":true}]}}