{"id":1153,"date":"2016-12-23T11:11:23","date_gmt":"2016-12-23T11:11:23","guid":{"rendered":"http:\/\/elbschule.hamburg.de\/?page_id=1153"},"modified":"2017-01-17T14:23:59","modified_gmt":"2017-01-17T14:23:59","slug":"nachwuchsfilmfestival-abgedreht","status":"publish","type":"page","link":"https:\/\/elbschule.hamburg.de\/?page_id=1153","title":{"rendered":"Nachwuchsfilmfestival \u201eabgedreht!\u201c"},"content":{"rendered":"<p><strong>Unfassbar \u2013 Sechstkl\u00e4ssler gewinnen beim Nachwuchsfilmfestival \u201eabgedreht!\u201c<\/strong><\/p>\n<p>\u201eFressen und gefressen werden\u201c ist ein einmin\u00fctiger Trickfilm, den Rowan und Diyar (Klasse 6-II) im Kunstunterricht entwickelten und drehten.<\/p>\n<p><iframe loading=\"lazy\" src=\"https:\/\/www.youtube.com\/embed\/kZPy8EvXuLM\" width=\"560\" height=\"315\" frameborder=\"0\" allowfullscreen=\"allowfullscreen\"><\/iframe><\/p>\n<p>\u201eAbgedreht!\u201c, das Hamburger Nachwuchsfilmfestival, bietet bereits im 28. Jahr jungen Filmemachern von Grundsch\u00fclern bis hin zu jungen Erwachsenen die Gelegenheit, ihre Werke \u00f6ffentlich zu pr\u00e4sentieren. Getreu des Mottos \u201eFilme geh\u00f6ren auf die Leinwand\u201c wurden in diesem Jahr 50 aus 200 eingereichten Filmen ausgew\u00e4hlt und im Rahmen des Filmfestivals in der vergangenen Woche im Metropolis-Kino in Hamburg aufgef\u00fchrt.<\/p>\n<p>Am Donnerstag, den 15.12.2016, machten sich die Klassen 4\/5-II, 6-II und F 6\/7-II auf den Weg ins Metropolis-Kino. Zwei der vom Kunstkurs Klasse 6-II eingereichten Trickfilme wurden an diesem Tag aufgef\u00fchrt und von den Sch\u00fcler\/innen auf der B\u00fchne vorgestellt. Eine tolle W\u00fcrdigung ihrer Leistungen, welche mit viel Applaus belohnt wurden.<\/p>\n<p>Am Tag darauf kam der \u00fcberraschende Anruf der Jury: \u201eEin Film aus der Elbschule wird heute Abend mit einem Preis ausgezeichnet!\u201c Schnelles Handeln und gute Organisation waren erforderlich, um die Sch\u00fcler\/innen kurzfristig wieder im Metropolis-Kino zu versammeln. Die Spannung unter ihnen war hoch. \u201eFressen und gefressen werden\u201c, der Trickfilm von Rowan und Diyar, erhielt schlie\u00dflich einen der vier Jurypreise des Wettbewerbs.<\/p>\n<p>Zur Begr\u00fcndung sagte die Jury: &#8222;Diesem Duo ist es gelungen eine ganz eigene \u00c4sthetik zu schaffen. Detailverliebt kreierten sie in dreimonatiger Arbeit eine Unterwasserwelt, welche den Zuschauer eintauchen l\u00e4sst. Innerhalb k\u00fcrzester Zeit gelingt es den jungen Filmemachern einer konkreten Idee eine phantasievolle Form zu geben. Hinter dem Kreislauf des Lebens, k\u00f6nnte eine sozialpolitische Kritik gelesen werden. Der Facettenreichtum in diesen 60 Sekunden begeistert nicht nur den Meeresbiologen.\u201c<br \/>\nHerzlichen Gl\u00fcckwunsch, Rowan und Diyar sowie ihrer Kunstlehrerin Christin Hubert!<\/p>\n<p>&nbsp;<\/p>\n<p><a href=\"https:\/\/elbschule.hamburg.de\/wp-content\/uploads\/sites\/127\/2016\/12\/01_01.jpg\" data-rel=\"lightbox\" data-rl_title=\"\" data-rl_caption=\"\" title=\"\"><img loading=\"lazy\" decoding=\"async\" class=\"alignleft size-full wp-image-1154\" src=\"https:\/\/elbschule.hamburg.de\/wp-content\/uploads\/sites\/127\/2016\/12\/01_01.jpg\" alt=\"\" width=\"1024\" height=\"683\" srcset=\"https:\/\/elbschule.hamburg.de\/wp-content\/uploads\/sites\/127\/2016\/12\/01_01.jpg 1024w, https:\/\/elbschule.hamburg.de\/wp-content\/uploads\/sites\/127\/2016\/12\/01_01-300x200.jpg 300w, https:\/\/elbschule.hamburg.de\/wp-content\/uploads\/sites\/127\/2016\/12\/01_01-768x512.jpg 768w\" sizes=\"auto, (max-width: 1024px) 100vw, 1024px\" \/><\/a><\/p>\n<p>Diyar (li.) und Rowan bei der Preisverleihung<\/p>\n<p><a href=\"https:\/\/elbschule.hamburg.de\/wp-content\/uploads\/sites\/127\/2016\/12\/01_02.jpg\" data-rel=\"lightbox\" data-rl_title=\"\" data-rl_caption=\"\" title=\"\"><img loading=\"lazy\" decoding=\"async\" class=\"alignleft size-full wp-image-1155\" src=\"https:\/\/elbschule.hamburg.de\/wp-content\/uploads\/sites\/127\/2016\/12\/01_02.jpg\" alt=\"\" width=\"1024\" height=\"683\" srcset=\"https:\/\/elbschule.hamburg.de\/wp-content\/uploads\/sites\/127\/2016\/12\/01_02.jpg 1024w, https:\/\/elbschule.hamburg.de\/wp-content\/uploads\/sites\/127\/2016\/12\/01_02-300x200.jpg 300w, https:\/\/elbschule.hamburg.de\/wp-content\/uploads\/sites\/127\/2016\/12\/01_02-768x512.jpg 768w\" sizes=\"auto, (max-width: 1024px) 100vw, 1024px\" \/><\/a><\/p>\n<p>Rowan erkl\u00e4rt die Schritte bei der Filmproduktion<\/p>\n<p>\u00a9 Fotos: Claudia Meiners<\/p>\n","protected":false},"excerpt":{"rendered":"<p>Unfassbar \u2013 Sechstkl\u00e4ssler gewinnen beim Nachwuchsfilmfestival \u201eabgedreht!\u201c \u201eFressen und gefressen werden\u201c ist ein einmin\u00fctiger Trickfilm, den Rowan und Diyar (Klasse 6-II) im Kunstunterricht entwickelten und drehten. \u201eAbgedreht!\u201c, das Hamburger Nachwuchsfilmfestival, bietet bereits im 28. Jahr jungen Filmemachern von Grundsch\u00fclern bis hin zu jungen Erwachsenen die Gelegenheit, ihre Werke \u00f6ffentlich zu pr\u00e4sentieren. Getreu des Mottos \u201eFilme &hellip; <a href=\"https:\/\/elbschule.hamburg.de\/?page_id=1153\" class=\"more-link\"><span class=\"screen-reader-text\">Nachwuchsfilmfestival \u201eabgedreht!\u201c<\/span> weiterlesen <span class=\"meta-nav\">&rarr;<\/span><\/a><\/p>\n","protected":false},"author":195,"featured_media":0,"parent":296,"menu_order":0,"comment_status":"closed","ping_status":"closed","template":"","meta":{"_acf_changed":false,"footnotes":""},"class_list":["post-1153","page","type-page","status-publish","hentry"],"acf":[],"_links":{"self":[{"href":"https:\/\/elbschule.hamburg.de\/index.php?rest_route=\/wp\/v2\/pages\/1153","targetHints":{"allow":["GET"]}}],"collection":[{"href":"https:\/\/elbschule.hamburg.de\/index.php?rest_route=\/wp\/v2\/pages"}],"about":[{"href":"https:\/\/elbschule.hamburg.de\/index.php?rest_route=\/wp\/v2\/types\/page"}],"author":[{"embeddable":true,"href":"https:\/\/elbschule.hamburg.de\/index.php?rest_route=\/wp\/v2\/users\/195"}],"replies":[{"embeddable":true,"href":"https:\/\/elbschule.hamburg.de\/index.php?rest_route=%2Fwp%2Fv2%2Fcomments&post=1153"}],"version-history":[{"count":1,"href":"https:\/\/elbschule.hamburg.de\/index.php?rest_route=\/wp\/v2\/pages\/1153\/revisions"}],"predecessor-version":[{"id":1156,"href":"https:\/\/elbschule.hamburg.de\/index.php?rest_route=\/wp\/v2\/pages\/1153\/revisions\/1156"}],"up":[{"embeddable":true,"href":"https:\/\/elbschule.hamburg.de\/index.php?rest_route=\/wp\/v2\/pages\/296"}],"wp:attachment":[{"href":"https:\/\/elbschule.hamburg.de\/index.php?rest_route=%2Fwp%2Fv2%2Fmedia&parent=1153"}],"curies":[{"name":"wp","href":"https:\/\/api.w.org\/{rel}","templated":true}]}}