{"id":1136,"date":"2016-12-18T11:52:08","date_gmt":"2016-12-18T11:52:08","guid":{"rendered":"http:\/\/elbschule.hamburg.de\/?page_id=1136"},"modified":"2016-12-18T11:52:08","modified_gmt":"2016-12-18T11:52:08","slug":"nena","status":"publish","type":"page","link":"https:\/\/elbschule.hamburg.de\/?page_id=1136","title":{"rendered":"Nena"},"content":{"rendered":"<p>Vorname: Gariele Susanne\u00a0<a href=\"https:\/\/elbschule.hamburg.de\/wp-content\/uploads\/sites\/127\/2016\/12\/Nena-Bild.jpg\" data-rel=\"lightbox\" data-rl_title=\"\" data-rl_caption=\"\" title=\"\"><img loading=\"lazy\" decoding=\"async\" class=\"wp-image-1124 alignright\" src=\"https:\/\/elbschule.hamburg.de\/wp-content\/uploads\/sites\/127\/2016\/12\/Nena-Bild.jpg\" alt=\"\" width=\"307\" height=\"245\" \/><\/a><\/p>\n<p>Nachname: Kerner<\/p>\n<p>Alter: 56 Jahre alt<\/p>\n<p>Sternzeichen: Widder<\/p>\n<p>Geboren: 24.M\u00e4rz 1960 in Hagen<\/p>\n<p>Wohnort: Hamburg Rahlstedt<\/p>\n<p>Augenfarbe: Braun-gr\u00fcn<\/p>\n<p>Haarfarbe: Braun<\/p>\n<p>Gr\u00f6\u00dfe: 1,68cm<\/p>\n<p>Gewicht: 54 kg<\/p>\n<p>Ausbildung: Goldschmiedin<\/p>\n<p>Zur Person:<\/p>\n<p>Nena ist Mutter von 5 Kindern. Sie hat Zwillinge: Saskia und Larissa, die mit 19 Jahren schon Kinder bekommen haben. Nenas erster Sohn verstarb mit 11 Monaten.<\/p>\n<p>Beziehungsstatus: Mit Benedict Freitag hat sie einen Sohn und die Zwillinge Larissa und Saskia. Mit Philipp Palm hat sie zwei Jungs: Simeon Joel und Samuel Vincent.<\/p>\n<p>Nena erlangte mit ihrer Musik 1983 internationale Bekanntheit. Sie verkaufte weltweit \u00fcber 25 Millionen Tontr\u00e4ger und z\u00e4hlt zu den erfolgreichsten K\u00fcnstlern der deutschen Musikgeschichte.<\/p>\n<p>1983\/84 : Single \u201e99 Luftballons\u201c ( Erlangte mit dem Hit internationale Bekanntheit )<\/p>\n<p>2005: Single \u201eLiebe ist\u201c (Aus den Album \u201e Willst du mit mir gehen?\u201c Erreichte Platz 1 der Deutschen Charts)<\/p>\n<p>2009: Single \u201e In meinem Leben\u201c ( Erreichte Platz 4 in Deutschland )<\/p>\n<p>Erfolge: Music Award, Echo ,Goldene Stimmgabel ,<\/p>\n<p>Unterst\u00fctzung des Vereins \u201eZukunft f\u00fcr Kinder und Jugendliche in Not\u201c<\/p>\n<p>Gr\u00fcndung der \u201e Neuen Schule Hamburg\u201c<\/p>\n<p>Jurymitglied bei \u201e The Voice Of Germany \u201c<\/p>\n","protected":false},"excerpt":{"rendered":"<p>Vorname: Gariele Susanne\u00a0 Nachname: Kerner Alter: 56 Jahre alt Sternzeichen: Widder Geboren: 24.M\u00e4rz 1960 in Hagen Wohnort: Hamburg Rahlstedt Augenfarbe: Braun-gr\u00fcn Haarfarbe: Braun Gr\u00f6\u00dfe: 1,68cm Gewicht: 54 kg Ausbildung: Goldschmiedin Zur Person: Nena ist Mutter von 5 Kindern. Sie hat Zwillinge: Saskia und Larissa, die mit 19 Jahren schon Kinder bekommen haben. Nenas erster Sohn &hellip; <a href=\"https:\/\/elbschule.hamburg.de\/?page_id=1136\" class=\"more-link\"><span class=\"screen-reader-text\">Nena<\/span> weiterlesen <span class=\"meta-nav\">&rarr;<\/span><\/a><\/p>\n","protected":false},"author":207,"featured_media":0,"parent":0,"menu_order":0,"comment_status":"closed","ping_status":"closed","template":"","meta":{"_acf_changed":false,"footnotes":""},"class_list":["post-1136","page","type-page","status-publish","hentry"],"acf":[],"_links":{"self":[{"href":"https:\/\/elbschule.hamburg.de\/index.php?rest_route=\/wp\/v2\/pages\/1136","targetHints":{"allow":["GET"]}}],"collection":[{"href":"https:\/\/elbschule.hamburg.de\/index.php?rest_route=\/wp\/v2\/pages"}],"about":[{"href":"https:\/\/elbschule.hamburg.de\/index.php?rest_route=\/wp\/v2\/types\/page"}],"author":[{"embeddable":true,"href":"https:\/\/elbschule.hamburg.de\/index.php?rest_route=\/wp\/v2\/users\/207"}],"replies":[{"embeddable":true,"href":"https:\/\/elbschule.hamburg.de\/index.php?rest_route=%2Fwp%2Fv2%2Fcomments&post=1136"}],"version-history":[{"count":0,"href":"https:\/\/elbschule.hamburg.de\/index.php?rest_route=\/wp\/v2\/pages\/1136\/revisions"}],"wp:attachment":[{"href":"https:\/\/elbschule.hamburg.de\/index.php?rest_route=%2Fwp%2Fv2%2Fmedia&parent=1136"}],"curies":[{"name":"wp","href":"https:\/\/api.w.org\/{rel}","templated":true}]}}