{"id":1132,"date":"2016-12-18T11:34:11","date_gmt":"2016-12-18T11:34:11","guid":{"rendered":"http:\/\/elbschule.hamburg.de\/?page_id=1132"},"modified":"2016-12-19T10:49:45","modified_gmt":"2016-12-19T10:49:45","slug":"elbe-warum-heisst-denn-unsere-schule-elbschule","status":"publish","type":"page","link":"https:\/\/elbschule.hamburg.de\/?page_id=1132","title":{"rendered":"Elbe: warum hei\u00dft denn unsere Schule \u201eElbschule\u201c?"},"content":{"rendered":"<p>Viele Sch\u00fcler\/innen der Elbschule haben sich gefragt, warum unsere Schule \u201eElbschule\u201c hei\u00dft.<\/p>\n<p>Die Erkl\u00e4rung lautet, dass unsere Schule sehr nah an der Elbe liegt. Sie liegt nur ein paar Steinw\u00fcrfen bis zur Elbe. Die Lehrer\/innen und die Eltern hatten 2012 gemeinsam Vorschl\u00e4ge gesammelt und abgestimmt, wie unsere umgezogene Schule von Schultzweg 9 nach Holmbrook 20 hei\u00dfen soll, weil unser alter Schulname zu lang war und wir wollten auch ein richtigen kurzen Schulnamen laut Befragung der Lehrerin. Nun hei\u00dft unsere Schule offiziell \u201eElbschule Bildungszentrum H\u00f6ren und Kommunikation\u201c. Seit dem 27. August 2013 tr\u00e4gt die Schule den Namen. Unser alter Schulnamen war noch Bildungszentrum H\u00f6ren und Kommunikation.<strong>\u00a0<\/strong><\/p>\n<p><strong>Warum ist die Elbe so besonders und was wei\u00df man \u00fcber die Elbe?<br \/>\n<\/strong>Fangen wie erstmals mit den Steckbrief an:<\/p>\n<p><a href=\"https:\/\/elbschule.hamburg.de\/wp-content\/uploads\/sites\/127\/2016\/12\/Elbe-Verlauf.jpg\" data-rel=\"lightbox\" data-rl_title=\"\" data-rl_caption=\"\" title=\"\"><img loading=\"lazy\" decoding=\"async\" class=\"alignleft size-full wp-image-1121\" src=\"https:\/\/elbschule.hamburg.de\/wp-content\/uploads\/sites\/127\/2016\/12\/Elbe-Verlauf.jpg\" alt=\"\" width=\"640\" height=\"572\" \/><\/a><\/p>\n<p><strong>\u00a0<\/strong><strong>Die Elbe<\/strong><\/p>\n<ul>\n<li><strong>Wo flie\u00dft die Elbe?\u00a0<\/strong>Flie\u00dft vor der Grenze zu Polen im Tschechien nach Deutschland.<\/li>\n<li><strong>L\u00e4nge<\/strong>: Insgesamt 1.091 km, davon in Deutschland: 727 km und in der Tschechischen Republik: 367 km<\/li>\n<li><strong>Quelle:<\/strong> Riesengebirge im Tschechien.<\/li>\n<li><strong>M\u00fcndung:<\/strong> Nordsee<\/li>\n<li><strong>Bekannte Br\u00fccken:<\/strong> Neuer Elbtunnel (Hamburg), Alter Elbtunnel (Hamburg), Blaues Wunder Dresden)<\/li>\n<li><strong>Fl\u00e4che insgesamt<\/strong>: 148.268 km\u00b2 betr\u00e4gt die Fl\u00e4che insgesamt von der Elbe.<\/li>\n<li><strong>Besonderheit:<\/strong> Die Elbe ist der zweitgr\u00f6\u00dfte Fluss in Deutschland.<\/li>\n<li><strong>Wissenswertes:<\/strong>\u00a0Die Quelle ist im Riesengebirge und an der M\u00fcndung bei Cuxhaven betr\u00e4gt der H\u00f6henunterschied etwa ca. 1.380 Meter.<\/li>\n<li><strong>Wichtige Nebenfl\u00fcsse:<\/strong> Die wichtigen Nebenfl\u00fcssen von der Elbe sind Moldau, Saale, Havel, Mulde, Schwarze Elster und Eger.<\/li>\n<li><strong>Aufteilung:<\/strong>\u00a0Die Elbe wurde in drei Namen unterteilt: Obere, Mittlere und Untere Elbe.<\/li>\n<li><strong>L\u00e4nge der Aufteilung der Elbe<\/strong>:<\/li>\n<\/ul>\n<p><strong>-Obere Elbe: <\/strong>\u00a0Beginnt von der Quelle bis zum Norddeutschen\u00a0Tiefland. Die L\u00e4nge betr\u00e4gt 463 km.<\/p>\n<p>&#8211;<strong>Mittlerer Elbe:\u00a0<\/strong><strong>\u00a0<\/strong>Von dem Norddeutschen Tiefland bis zum Wehr Geesthacht betr\u00e4gt die L\u00e4nge 489 km.<\/p>\n<p><strong>-Untere Elbe:\u00a0<\/strong>Von dem Wehr Geesthacht bis zur M\u00fcndung an der Nordsee bei Cuxhaven betr\u00e4gt die L\u00e4nge 142 km.<\/p>\n<p><strong>\u00a0<\/strong><strong><u>Warum ist die Elbe so besonders?<br \/>\n<\/u><\/strong>Die Elbe dient als ein wichtiger Fluss und verbindet somit die Nordsee und den Containerhafen im Hafen. T\u00e4glich fahren zahlreiche Schiffe von und nach Hamburg. Sie ist einer wichtigen Wasserwege in Deutschland. Die Elbe sorgte f\u00fcr jede Menge Schlagzeilen: Durch eine Sturmflut 1962 in Hamburg und die Elbvertiefung. Die Elbe\u00a0ist f\u00fcr sehr gro\u00dfe Containerschiffe zu niedrig und somit nicht geeignet. Ansonsten ist die Elbe bei Dresden oder in Magdeburg sehr ber\u00fchmt, weil es dort viele Touristen-Attraktionen gibt und .<\/p>\n<p><strong><u>Die Elbvertiefung:<br \/>\n<\/u><\/strong>Seit ein paar Jahren gibt es viele Diskussionen um die Elbvertiefung. Es ist geplant, dass die Elbe zwischen der M\u00fcndung und Hamburg vertieft werden soll und somit noch gr\u00f6\u00dfere Schiffe dort fahren k\u00f6nnen. Die Containerschiffen werden immer gr\u00f6\u00dfer und auf der Elbe d\u00fcrfen nur bestimmte\u00a0Containerschiffe fahren.<br \/>\nWenn wirklich die Elbe vertieft wird, gibt es aber auch Nachteile. Es wird die Natur zerst\u00f6rt und auch die Fische sind von der Vertiefung beeintr\u00e4chtigt.<\/p>\n<p>Von Heinrich Peter Hinners, Klasse 8<\/p>\n<p>&nbsp;<\/p>\n<p><strong>\u00a0<\/strong><\/p>\n<p>&nbsp;<\/p>\n<p>&nbsp;<\/p>\n","protected":false},"excerpt":{"rendered":"<p>Viele Sch\u00fcler\/innen der Elbschule haben sich gefragt, warum unsere Schule \u201eElbschule\u201c hei\u00dft. Die Erkl\u00e4rung lautet, dass unsere Schule sehr nah an der Elbe liegt. Sie liegt nur ein paar Steinw\u00fcrfen bis zur Elbe. Die Lehrer\/innen und die Eltern hatten 2012 gemeinsam Vorschl\u00e4ge gesammelt und abgestimmt, wie unsere umgezogene Schule von Schultzweg 9 nach Holmbrook 20 &hellip; <a href=\"https:\/\/elbschule.hamburg.de\/?page_id=1132\" class=\"more-link\"><span class=\"screen-reader-text\">Elbe: warum hei\u00dft denn unsere Schule \u201eElbschule\u201c?<\/span> weiterlesen <span class=\"meta-nav\">&rarr;<\/span><\/a><\/p>\n","protected":false},"author":207,"featured_media":0,"parent":0,"menu_order":0,"comment_status":"closed","ping_status":"closed","template":"","meta":{"_acf_changed":false,"footnotes":""},"class_list":["post-1132","page","type-page","status-publish","hentry"],"acf":[],"_links":{"self":[{"href":"https:\/\/elbschule.hamburg.de\/index.php?rest_route=\/wp\/v2\/pages\/1132","targetHints":{"allow":["GET"]}}],"collection":[{"href":"https:\/\/elbschule.hamburg.de\/index.php?rest_route=\/wp\/v2\/pages"}],"about":[{"href":"https:\/\/elbschule.hamburg.de\/index.php?rest_route=\/wp\/v2\/types\/page"}],"author":[{"embeddable":true,"href":"https:\/\/elbschule.hamburg.de\/index.php?rest_route=\/wp\/v2\/users\/207"}],"replies":[{"embeddable":true,"href":"https:\/\/elbschule.hamburg.de\/index.php?rest_route=%2Fwp%2Fv2%2Fcomments&post=1132"}],"version-history":[{"count":1,"href":"https:\/\/elbschule.hamburg.de\/index.php?rest_route=\/wp\/v2\/pages\/1132\/revisions"}],"predecessor-version":[{"id":1146,"href":"https:\/\/elbschule.hamburg.de\/index.php?rest_route=\/wp\/v2\/pages\/1132\/revisions\/1146"}],"wp:attachment":[{"href":"https:\/\/elbschule.hamburg.de\/index.php?rest_route=%2Fwp%2Fv2%2Fmedia&parent=1132"}],"curies":[{"name":"wp","href":"https:\/\/api.w.org\/{rel}","templated":true}]}}