{"id":1029,"date":"2016-09-05T15:57:53","date_gmt":"2016-09-05T15:57:53","guid":{"rendered":"http:\/\/elbschule.hamburg.de\/?page_id=1029"},"modified":"2025-03-05T14:06:33","modified_gmt":"2025-03-05T14:06:33","slug":"pressespiegel","status":"publish","type":"page","link":"https:\/\/elbschule.hamburg.de\/?page_id=1029","title":{"rendered":"Pressespiegel"},"content":{"rendered":"<p>Hier finden Sie <strong>Zeitungsartikel<\/strong>, <strong>Pressestimmen<\/strong> und <strong>TV &#8211; Beitr\u00e4ge<\/strong> \u00fcber die Elbschule. Viel Spa\u00df beim St\u00f6bern und Lesen!<\/p>\n<p>H\u00f6rgesch\u00e4digtenP\u00e4dagogik 4\/2024<br \/>\n<a href=\"https:\/\/elbschule.hamburg.de\/wp-content\/uploads\/sites\/127\/2025\/03\/HoerPaed_4-2024_Elbschule_2-1.pdf\" target=\"_blank\" rel=\"noopener\">&#8222;Something special&#8220; &#8211; Projekt Kunstpioniere Klasse 9a<\/a><\/p>\n<p>H\u00f6rgesch\u00e4digtenP\u00e4dagogik 2\/2024<br \/>\n<a href=\"https:\/\/elbschule.hamburg.de\/wp-content\/uploads\/sites\/127\/2024\/04\/HoerPaed_2-2024_Aus-unseren-Schulen_2.pdf\" target=\"_blank\" rel=\"noopener\">&#8222;Die Elbschule stellt sich vor&#8220;<\/a><\/p>\n<p>Hamburg macht Schule \u2013 Zeitschrift f\u00fcr Hamburger Lehrkr\u00e4fte und Elternr\u00e4te: Mehrsprachigkeit \/ Heft 2\/2024<br \/>\n<a href=\"https:\/\/www.hamburg.de\/resource\/blob\/818512\/2a54ffe3ac61d821ddb99008a31f21da\/hms-2-2024-data.pdf\" target=\"_blank\" rel=\"noopener\">Elbschule &#8211; Bildungszentrum H\u00f6ren und Kommunikation &#8222;bimodal-bilinguale BIldung&#8220; (S.21)<\/a><\/p>\n<p>Elbe Wochenblatt 25.11.2023 \/ Nr. 47<br \/>\n<a href=\"https:\/\/elbschule.hamburg.de\/wp-content\/uploads\/sites\/127\/2023\/11\/Elbe-Wochenblatt_Kletterkurs.pdf\" target=\"_blank\" rel=\"noopener\">&#8222;Sch\u00fcler klettern im Florapark&#8220;<\/a><\/p>\n<p>H\u00f6rgesch\u00e4digtenP\u00e4dagogik 4\/2023<br \/>\n<a href=\"https:\/\/elbschule.hamburg.de\/wp-content\/uploads\/sites\/127\/2023\/11\/HoerPaed_4-2023_Elbschulfest_3.pdf\" target=\"_blank\" rel=\"noopener\">&#8222;Elbschulfest XXXL &#8211; Drei Gr\u00fcnde zu feiern&#8220;<\/a><\/p>\n<p>H\u00f6rgesch\u00e4digtenP\u00e4dagogik 4\/2023<br \/>\n<a href=\"https:\/\/elbschule.hamburg.de\/wp-content\/uploads\/sites\/127\/2023\/11\/HoerPaed_4-2023_Aus-der-Forschung.pdf\" target=\"_blank\" rel=\"noopener\">&#8222;Aus der Forschung f\u00fcr die Praxis &#8211; Visuelle Strategien f\u00fcr schulisches Lernen&#8220;<\/a><\/p>\n<p>Hamburger Abendblatt 24.01.2023<br \/>\n<a href=\"https:\/\/elbschule.hamburg.de\/wp-content\/uploads\/sites\/127\/2023\/03\/Hamburger-Abendblatt-Pinneberg-2023-01-24.pdf\" target=\"_blank\" rel=\"noopener\">&#8222;Jenseits der Stille wartet Freundschaft&#8220;<\/a><br \/>\nGeh\u00f6rlose Sch\u00fcler haben Film f\u00fcr Schau im Pinneberg Museum gedreht. Jetzt waren sie zu Besuch<\/p>\n<p>Pinneberger Tageblatt 24.01.2023<br \/>\n<a href=\"https:\/\/elbschule.hamburg.de\/wp-content\/uploads\/sites\/127\/2023\/03\/Pinneberger-Tageblatt-2023-01-24-.pdf\" target=\"_blank\" rel=\"noopener\">&#8222;Wie Freundschaft ohne Worte geht&#8220;<\/a><br \/>\nAn Ausstellung mitgewirkt: Geh\u00f6rlose Sch\u00fcler der Elbschule Hamburg besuchen Pinneberg Museum<\/p>\n<p>Life InSight &#8211; Europas f\u00fchrendes Lifestyle-Magazin f\u00fcr Geh\u00f6rlose, Schwerh\u00f6rige, CI-Tr\u00e4ger, CODAS, H\u00f6rende, Nr. 119\/M\u00e4rz\/April 2021, S.18-19<br \/>\n<img loading=\"lazy\" decoding=\"async\" class=\"wp-image-3311 alignleft\" src=\"https:\/\/elbschule.hamburg.de\/wp-content\/uploads\/sites\/127\/2022\/05\/Life-in-Sight-2021.png\" alt=\"\" width=\"200\" height=\"110\" srcset=\"https:\/\/elbschule.hamburg.de\/wp-content\/uploads\/sites\/127\/2022\/05\/Life-in-Sight-2021.png 489w, https:\/\/elbschule.hamburg.de\/wp-content\/uploads\/sites\/127\/2022\/05\/Life-in-Sight-2021-300x165.png 300w\" sizes=\"auto, (max-width: 200px) 100vw, 200px\" \/><a href=\"https:\/\/elbschule.hamburg.de\/wp-content\/uploads\/sites\/127\/2022\/05\/LifeInSight_Nr.19.Maerz-April2021.pdf\" target=\"_blank\" rel=\"noopener\"><strong>Mit Beethoven ins Neue Jahr<\/strong><\/a><br \/>\nDas traditionelle Silvesterkonzert der Symphoniker Hamburg mit Geb\u00e4rdensprache und drei Elbsch\u00fcler*innen<\/p>\n<p>&nbsp;<\/p>\n<p>&nbsp;<\/p>\n<p>Unser Blatt &#8211; Zeitschrift des B\u00fcrgervereins Flottbek-Othmarschen e.V., Dez 2020, S. 10<br \/>\n<a href=\"https:\/\/elbschule.hamburg.de\/wp-content\/uploads\/sites\/127\/2022\/05\/UnserBlatt_Dezember2020.pdf\" target=\"_blank\" rel=\"noopener\"><strong>Sozialwerk: Elbschule<\/strong><\/a><br \/>\nBericht \u00fcber die Spende f\u00fcr ein Projekt an der Elbschule.<\/p>\n<p>&nbsp;<\/p>\n<p>Seelsohrge &#8211; Zeitschrift der Evangelischen Schwerh\u00f6rigenseelsorge Nr.26\/M\u00e4rz 2020, S.3-11<br \/>\n<img loading=\"lazy\" decoding=\"async\" class=\"wp-image-3306 alignleft\" src=\"https:\/\/elbschule.hamburg.de\/wp-content\/uploads\/sites\/127\/2022\/05\/Seelsohrge-Teaser.png\" alt=\"\" width=\"200\" height=\"52\" srcset=\"https:\/\/elbschule.hamburg.de\/wp-content\/uploads\/sites\/127\/2022\/05\/Seelsohrge-Teaser.png 655w, https:\/\/elbschule.hamburg.de\/wp-content\/uploads\/sites\/127\/2022\/05\/Seelsohrge-Teaser-300x78.png 300w\" sizes=\"auto, (max-width: 200px) 100vw, 200px\" \/><a href=\"https:\/\/elbschule.hamburg.de\/wp-content\/uploads\/sites\/127\/2022\/05\/Seelsohrge_Nr.26_Maerz_2020.pdf\" target=\"_blank\" rel=\"noopener\"><strong>Alle(s) unter einem Dach<\/strong><\/a><br \/>\nVon getrennten H\u00f6rgesch\u00e4digtenschulen zum inklusiven Bildungszentrum.<\/p>\n<p>&nbsp;<\/p>\n<p>H\u00f6rgesch\u00e4digtenP\u00e4dagogik-H\u00f6rP\u00e4d 2\/2020, S. 70-77<br \/>\n<a href=\"https:\/\/elbschule.hamburg.de\/wp-content\/uploads\/sites\/127\/2022\/05\/Hoerpaed_2-2020.pdf\" target=\"_blank\" rel=\"noopener\"><strong>Evalutation der Fr\u00fchf\u00f6rderung f\u00fcr h\u00f6rgesch\u00e4digte Kinder an der Elbschule<\/strong><\/a><br \/>\nWie Eltern die Fr\u00fchf\u00f6rderung erleben (C. Garvs, M. Hintermair, I. Roth).<\/p>\n<p>&nbsp;<\/p>\n<p>H\u00f6rgesch\u00e4digtenP\u00e4dagogik-H\u00f6rP\u00e4d 2\/2020, S. 122<br \/>\n<a href=\"https:\/\/elbschule.hamburg.de\/wp-content\/uploads\/sites\/127\/2022\/05\/Hoerpaed_2_2020.pdf\" target=\"_blank\" rel=\"noopener\"><strong>In Memoriam Georg M\u00e4nnich<\/strong><\/a><br \/>\nFr\u00fcherer Schulleiter der Hamburger Geh\u00f6rlosenschule verstorben.<\/p>\n<p>&nbsp;<\/p>\n<p>H\u00f6rgesch\u00e4digtenP\u00e4dagogik-H\u00f6rP\u00e4d 3\/2018, S. 187<br \/>\n<img loading=\"lazy\" decoding=\"async\" class=\"alignleft wp-image-3297 size-thumbnail\" src=\"https:\/\/elbschule.hamburg.de\/wp-content\/uploads\/sites\/127\/2022\/05\/Der-Kapitaen-geht-von-Board-150x110.jpg\" alt=\"\" width=\"150\" height=\"110\" \/><a href=\"https:\/\/elbschule.hamburg.de\/wp-content\/uploads\/sites\/127\/2022\/05\/Hoerpaed-3_-2018-Der-Kapitaen-geht-von-Board-Leinen-los.pdf\" target=\"_blank\" rel=\"noopener\"><strong>Der Kapit\u00e4n geht von Board &#8211; Leinen los!<\/strong><\/a><br \/>\nZur Verabschiedung von Schulleiter Johannes Eitner.<\/p>\n<p>&nbsp;<\/p>\n<p>&nbsp;<\/p>\n<p>&#8222;kju&#8220;, Magazin der LAG Kinder- und Jugendkultur Hamburg, Ausgabe 09\/2017.<a href=\"https:\/\/elbschule.hamburg.de\/wp-content\/uploads\/sites\/127\/2022\/05\/kju_2017_Herbst.pdf\" target=\"_blank\" rel=\"noopener\"><strong><br \/>\n<\/strong><\/a><strong><a href=\"https:\/\/elbschule.hamburg.de\/wp-content\/uploads\/sites\/127\/2022\/05\/kju_2017_Herbst.pdf\" target=\"_blank\" rel=\"noopener\">&#8222;\u00dcber alle Schall-Grenzen hinweg&#8220;<\/a><img loading=\"lazy\" decoding=\"async\" class=\" wp-image-1419 alignleft\" src=\"https:\/\/elbschule.hamburg.de\/wp-content\/uploads\/sites\/127\/2017\/09\/Bildschirmfoto-2017-09-25-um-20.20.53-300x198.png\" alt=\"\" width=\"165\" height=\"109\" srcset=\"https:\/\/elbschule.hamburg.de\/wp-content\/uploads\/sites\/127\/2017\/09\/Bildschirmfoto-2017-09-25-um-20.20.53-300x198.png 300w, https:\/\/elbschule.hamburg.de\/wp-content\/uploads\/sites\/127\/2017\/09\/Bildschirmfoto-2017-09-25-um-20.20.53-768x508.png 768w, https:\/\/elbschule.hamburg.de\/wp-content\/uploads\/sites\/127\/2017\/09\/Bildschirmfoto-2017-09-25-um-20.20.53.png 993w\" sizes=\"auto, (max-width: 165px) 100vw, 165px\" \/><\/strong><br \/>\nAuf den Seiten 16\/17 berichtet der Journalist Arne Bachmann \u00fcber die Rolle der Kultur an der Elbschule.<\/p>\n<p>&nbsp;<\/p>\n<p>&nbsp;<\/p>\n<p>Elbe Wochenblatt, 13.09.2017:<br \/>\n<a href=\"http:\/\/www.elbe-wochenblatt.de\/bahrenfeld\/lokales\/einmal-zur-probe-waehlen-d46615.html\" target=\"_blank\" rel=\"noopener\"><img loading=\"lazy\" decoding=\"async\" class=\"wp-image-1416 size-full alignleft\" src=\"https:\/\/elbschule.hamburg.de\/wp-content\/uploads\/sites\/127\/2017\/09\/Bildschirmfoto-2017-09-24-um-10.55.03.png\" alt=\"\" width=\"458\" height=\"155\" srcset=\"https:\/\/elbschule.hamburg.de\/wp-content\/uploads\/sites\/127\/2017\/09\/Bildschirmfoto-2017-09-24-um-10.55.03.png 458w, https:\/\/elbschule.hamburg.de\/wp-content\/uploads\/sites\/127\/2017\/09\/Bildschirmfoto-2017-09-24-um-10.55.03-300x102.png 300w\" sizes=\"auto, (max-width: 458px) 100vw, 458px\" \/><\/a><\/p>\n<p>&nbsp;<\/p>\n<p>&nbsp;<\/p>\n<p>&nbsp;<\/p>\n<p>&nbsp;<\/p>\n<p><strong>Beitrag in der Othmarscher Chronik anl\u00e4sslich der 700 Jahrfeier<\/strong><br \/>\n<a href=\"https:\/\/elbschule.hamburg.de\/wp-content\/uploads\/sites\/127\/2017\/09\/Neue-Nachbarn-am-Holmbrook_2017_.pdf\" target=\"_blank\" rel=\"noopener\">&#8222;Neue Nachbarn am Holmbrook&#8220;<\/a><\/p>\n<p>&nbsp;<\/p>\n<p>Hamburg Journal (04.12.2016):<br \/>\n<strong><span style=\"color: #000000\">Kindernachrichten in Geb\u00e4rdensprache<\/span><\/strong><\/p>\n<p><iframe loading=\"lazy\" title=\"Hamburg Journal (04.12.2016): Kindernachrichten in Geb\u00e4rdensprache\" width=\"474\" height=\"267\" src=\"https:\/\/www.youtube-nocookie.com\/embed\/FZ3Xv7XOjKo?feature=oembed\" frameborder=\"0\" allow=\"accelerometer; autoplay; clipboard-write; encrypted-media; gyroscope; picture-in-picture; web-share\" referrerpolicy=\"strict-origin-when-cross-origin\" allowfullscreen><\/iframe><\/p>\n<p>Hamburg Journal (23.09.2016):<br \/>\n<strong>Inklusive Klasse 5<br \/>\n<\/strong><\/p>\n<p><iframe loading=\"lazy\" title=\"Hamburg Journal (23.09.2016) inklusive Klasse 5 Elbschule\" width=\"474\" height=\"267\" src=\"https:\/\/www.youtube-nocookie.com\/embed\/EIElF375N7o?feature=oembed\" frameborder=\"0\" allow=\"accelerometer; autoplay; clipboard-write; encrypted-media; gyroscope; picture-in-picture; web-share\" referrerpolicy=\"strict-origin-when-cross-origin\" allowfullscreen><\/iframe><\/p>\n<p>&nbsp;<\/p>\n<p>Schnecke Nr.93 (September 2016), S. 64:<br \/>\n<img loading=\"lazy\" decoding=\"async\" class=\"wp-image-1055 alignleft\" src=\"https:\/\/elbschule.hamburg.de\/wp-content\/uploads\/sites\/127\/2016\/10\/Nils-Mikkonen-li.-mit-seiner-Klasse.jpg\" alt=\"nils-mikkonen-li-mit-seiner-klasse\" width=\"83\" height=\"62\" srcset=\"https:\/\/elbschule.hamburg.de\/wp-content\/uploads\/sites\/127\/2016\/10\/Nils-Mikkonen-li.-mit-seiner-Klasse.jpg 2048w, https:\/\/elbschule.hamburg.de\/wp-content\/uploads\/sites\/127\/2016\/10\/Nils-Mikkonen-li.-mit-seiner-Klasse-300x225.jpg 300w, https:\/\/elbschule.hamburg.de\/wp-content\/uploads\/sites\/127\/2016\/10\/Nils-Mikkonen-li.-mit-seiner-Klasse-768x576.jpg 768w, https:\/\/elbschule.hamburg.de\/wp-content\/uploads\/sites\/127\/2016\/10\/Nils-Mikkonen-li.-mit-seiner-Klasse-1024x768.jpg 1024w\" sizes=\"auto, (max-width: 83px) 100vw, 83px\" \/><span style=\"color: #000000\"><a style=\"color: #000000\" href=\"https:\/\/elbschule.hamburg.de\/wp-content\/uploads\/sites\/127\/2016\/10\/Willkommen-in-Hamburg.pdf\" target=\"_blank\" rel=\"noopener\"><span style=\"text-decoration: underline\"><strong>Willkommen in Hamburg!<\/strong><\/span><\/a><\/span><br \/>\nEin Spezialangebot f\u00fcr Fl\u00fcchtlingskinder mit H\u00f6rsch\u00e4digung an der Elbschule. Erste Erfahrungen machen Mut.<\/p>\n<p>Life InSight Magazin, Nr. 82, August 2016:<br \/>\n<img loading=\"lazy\" decoding=\"async\" class=\" wp-image-1059 alignleft\" src=\"https:\/\/elbschule.hamburg.de\/wp-content\/uploads\/sites\/127\/2016\/10\/Bildschirmfoto-2016-10-12-um-19.29.05-150x150.png\" alt=\"Life InSight Elbschulwelt\" width=\"84\" height=\"84\" srcset=\"https:\/\/elbschule.hamburg.de\/wp-content\/uploads\/sites\/127\/2016\/10\/Bildschirmfoto-2016-10-12-um-19.29.05-150x150.png 150w, https:\/\/elbschule.hamburg.de\/wp-content\/uploads\/sites\/127\/2016\/10\/Bildschirmfoto-2016-10-12-um-19.29.05-50x50.png 50w\" sizes=\"auto, (max-width: 84px) 100vw, 84px\" \/><strong><span style=\"text-decoration: underline\"><span style=\"color: #000000\"><a style=\"color: #000000;text-decoration: underline\" href=\"https:\/\/elbschule.hamburg.de\/wp-content\/uploads\/sites\/127\/2016\/10\/LIS_82_Elbschulwelt.pdf\" target=\"_blank\" rel=\"noopener\">Eintauchen in die Elbschulwelt!<\/a><\/span><\/span><\/strong><br \/>\n2. Elbschulkultur-Tag am 10. Juni 2016. Im festlichen Rahmen wurden kreative Arbeiten, die w\u00e4hrend des Schuljahres entstanden waren, gew\u00fcrdigt<\/p>\n<p>&nbsp;<\/p>\n<p>Elbe Wochenblatt, 19.06.2016:<br \/>\n<img loading=\"lazy\" decoding=\"async\" class=\"alignnone wp-image-1051 size-full\" src=\"https:\/\/elbschule.hamburg.de\/wp-content\/uploads\/sites\/127\/2016\/09\/Bildschirmfoto-2016-09-23-um-18.23.37.png\" alt=\"Elbe Wochenblatt 19.07.2016\" width=\"538\" height=\"125\" srcset=\"https:\/\/elbschule.hamburg.de\/wp-content\/uploads\/sites\/127\/2016\/09\/Bildschirmfoto-2016-09-23-um-18.23.37.png 538w, https:\/\/elbschule.hamburg.de\/wp-content\/uploads\/sites\/127\/2016\/09\/Bildschirmfoto-2016-09-23-um-18.23.37-300x70.png 300w\" sizes=\"auto, (max-width: 538px) 100vw, 538px\" \/><\/p>\n<p>Elbe Wochenblatt, 07.06.2016:<br \/>\n<img loading=\"lazy\" decoding=\"async\" class=\"alignnone wp-image-1052 size-full\" src=\"https:\/\/elbschule.hamburg.de\/wp-content\/uploads\/sites\/127\/2016\/09\/Bildschirmfoto-2016-09-23-um-18.22.50.png\" alt=\"Elbe Wochenblatt 07.06.2016\" width=\"540\" height=\"122\" srcset=\"https:\/\/elbschule.hamburg.de\/wp-content\/uploads\/sites\/127\/2016\/09\/Bildschirmfoto-2016-09-23-um-18.22.50.png 540w, https:\/\/elbschule.hamburg.de\/wp-content\/uploads\/sites\/127\/2016\/09\/Bildschirmfoto-2016-09-23-um-18.22.50-300x68.png 300w\" sizes=\"auto, (max-width: 540px) 100vw, 540px\" \/><\/p>\n<p>Elbe Wochenblatt, 31.05.2016:<img loading=\"lazy\" decoding=\"async\" class=\"alignnone wp-image-1049 size-full\" src=\"https:\/\/elbschule.hamburg.de\/wp-content\/uploads\/sites\/127\/2016\/09\/Bildschirmfoto-2016-09-23-um-18.04.04.png\" alt=\"Elbe Wochenblatt 31.05.2016\" width=\"540\" height=\"125\" srcset=\"https:\/\/elbschule.hamburg.de\/wp-content\/uploads\/sites\/127\/2016\/09\/Bildschirmfoto-2016-09-23-um-18.04.04.png 540w, https:\/\/elbschule.hamburg.de\/wp-content\/uploads\/sites\/127\/2016\/09\/Bildschirmfoto-2016-09-23-um-18.04.04-300x69.png 300w\" sizes=\"auto, (max-width: 540px) 100vw, 540px\" \/><\/p>\n<p>Hamburger Abendblatt, Sch\u00fcler machen Zeitung, 25.05.2016:<br \/>\n<img loading=\"lazy\" decoding=\"async\" class=\"wp-image-1060 alignleft\" src=\"https:\/\/elbschule.hamburg.de\/wp-content\/uploads\/sites\/127\/2016\/10\/Ricco-150x150.jpg\" alt=\"Pressespiegel\" width=\"89\" height=\"89\" srcset=\"https:\/\/elbschule.hamburg.de\/wp-content\/uploads\/sites\/127\/2016\/10\/Ricco-150x150.jpg 150w, https:\/\/elbschule.hamburg.de\/wp-content\/uploads\/sites\/127\/2016\/10\/Ricco-50x50.jpg 50w\" sizes=\"auto, (max-width: 89px) 100vw, 89px\" \/><span style=\"color: #000000\"><a style=\"color: #000000\" href=\"http:\/\/www.abendblatt.de\/kultur-live\/schueler-machen-zeitung\/article207601669\/Die-ausgezeichneten-Schueler-und-ihre-Texte.html\" target=\"_blank\" rel=\"noopener\"><span style=\"text-decoration: underline\"><strong>Preisverleihung &#8211; <\/strong><\/span><\/a><\/span><br \/>\n<span style=\"color: #000000\"><a style=\"color: #000000\" href=\"http:\/\/www.abendblatt.de\/kultur-live\/schueler-machen-zeitung\/article207601669\/Die-ausgezeichneten-Schueler-und-ihre-Texte.html\"><span style=\"text-decoration: underline\"><strong>die ausgezeichneten Sch\u00fcler und ihre Texte<br \/>\n<\/strong><\/span><\/a><\/span>Ricco von der Elbschule lie\u00df die Abendblatt-Leser teilhaben an&#8230;<\/p>\n<p>&nbsp;<\/p>\n<p>Elbe Wochenblatt, 23.02.2016:<img loading=\"lazy\" decoding=\"async\" class=\"alignnone wp-image-1048 size-full\" src=\"https:\/\/elbschule.hamburg.de\/wp-content\/uploads\/sites\/127\/2016\/09\/Bildschirmfoto-2016-09-23-um-18.05.14.png\" alt=\"Elbe Wochenblatt 23.02.2016\" width=\"537\" height=\"126\" srcset=\"https:\/\/elbschule.hamburg.de\/wp-content\/uploads\/sites\/127\/2016\/09\/Bildschirmfoto-2016-09-23-um-18.05.14.png 537w, https:\/\/elbschule.hamburg.de\/wp-content\/uploads\/sites\/127\/2016\/09\/Bildschirmfoto-2016-09-23-um-18.05.14-300x70.png 300w\" sizes=\"auto, (max-width: 537px) 100vw, 537px\" \/><\/p>\n<div class=\"page\" title=\"Page 2\"><\/div>\n","protected":false},"excerpt":{"rendered":"<p>Hier finden Sie Zeitungsartikel, Pressestimmen und TV &#8211; Beitr\u00e4ge \u00fcber die Elbschule. Viel Spa\u00df beim St\u00f6bern und Lesen! H\u00f6rgesch\u00e4digtenP\u00e4dagogik 4\/2024 &#8222;Something special&#8220; &#8211; Projekt Kunstpioniere Klasse 9a H\u00f6rgesch\u00e4digtenP\u00e4dagogik 2\/2024 &#8222;Die Elbschule stellt sich vor&#8220; Hamburg macht Schule \u2013 Zeitschrift f\u00fcr Hamburger Lehrkr\u00e4fte und Elternr\u00e4te: Mehrsprachigkeit \/ Heft 2\/2024 Elbschule &#8211; Bildungszentrum H\u00f6ren und Kommunikation &#8222;bimodal-bilinguale &hellip; <a href=\"https:\/\/elbschule.hamburg.de\/?page_id=1029\" class=\"more-link\"><span class=\"screen-reader-text\">Pressespiegel<\/span> weiterlesen <span class=\"meta-nav\">&rarr;<\/span><\/a><\/p>\n","protected":false},"author":206,"featured_media":0,"parent":0,"menu_order":0,"comment_status":"closed","ping_status":"closed","template":"","meta":{"_acf_changed":false,"footnotes":""},"class_list":["post-1029","page","type-page","status-publish","hentry"],"acf":[],"_links":{"self":[{"href":"https:\/\/elbschule.hamburg.de\/index.php?rest_route=\/wp\/v2\/pages\/1029","targetHints":{"allow":["GET"]}}],"collection":[{"href":"https:\/\/elbschule.hamburg.de\/index.php?rest_route=\/wp\/v2\/pages"}],"about":[{"href":"https:\/\/elbschule.hamburg.de\/index.php?rest_route=\/wp\/v2\/types\/page"}],"author":[{"embeddable":true,"href":"https:\/\/elbschule.hamburg.de\/index.php?rest_route=\/wp\/v2\/users\/206"}],"replies":[{"embeddable":true,"href":"https:\/\/elbschule.hamburg.de\/index.php?rest_route=%2Fwp%2Fv2%2Fcomments&post=1029"}],"version-history":[{"count":39,"href":"https:\/\/elbschule.hamburg.de\/index.php?rest_route=\/wp\/v2\/pages\/1029\/revisions"}],"predecessor-version":[{"id":5007,"href":"https:\/\/elbschule.hamburg.de\/index.php?rest_route=\/wp\/v2\/pages\/1029\/revisions\/5007"}],"wp:attachment":[{"href":"https:\/\/elbschule.hamburg.de\/index.php?rest_route=%2Fwp%2Fv2%2Fmedia&parent=1029"}],"curies":[{"name":"wp","href":"https:\/\/api.w.org\/{rel}","templated":true}]}}