{"id":10,"date":"2015-01-13T14:51:43","date_gmt":"2015-01-13T14:51:43","guid":{"rendered":"http:\/\/elbschule.schulhomepages.hamburg.de\/?page_id=10"},"modified":"2026-03-16T12:50:15","modified_gmt":"2026-03-16T11:50:15","slug":"startseite","status":"publish","type":"page","link":"https:\/\/elbschule.hamburg.de\/","title":{"rendered":"Willkommen auf unserer Homepage!"},"content":{"rendered":"<div id=\"metaslider-id-586\" style=\"max-width: 640px; margin: 0 auto;\" class=\"ml-slider-3-107-0 metaslider metaslider-nivo metaslider-586 ml-slider ms-theme-nivo-light\" role=\"region\" aria-label=\"Startseite\" data-height=\"329\" data-width=\"640\">\n    <div id=\"metaslider_container_586\">\n        <div class='slider-wrapper theme-default'><div class='ribbon'><\/div><div id='metaslider_586' class='nivoSlider'><img loading=\"lazy\" decoding=\"async\" src=\"https:\/\/elbschule.hamburg.de\/wp-content\/uploads\/sites\/127\/2018\/06\/Elbschule-Drohne-1-2-640x329.jpg\" height=\"329\" width=\"640\" title=\"Elbschule Drohne-1-2\" alt=\"\" class=\"slider-586 slide-1779 msDefaultImage\" \/><img loading=\"lazy\" decoding=\"async\" src=\"https:\/\/elbschule.hamburg.de\/wp-content\/uploads\/sites\/127\/2015\/06\/Basic-Schulgeb\u00e4ude-e1441267574328-640x329.jpg\" height=\"329\" width=\"640\" alt=\"\" class=\"slider-586 slide-182 msDefaultImage\" \/><img loading=\"lazy\" decoding=\"async\" src=\"https:\/\/elbschule.hamburg.de\/wp-content\/uploads\/sites\/127\/2015\/09\/Elbschule-7a-638x328.jpg\" height=\"329\" width=\"640\" alt=\"\" class=\"slider-586 slide-593 msDefaultImage\" \/><img loading=\"lazy\" decoding=\"async\" src=\"https:\/\/elbschule.hamburg.de\/wp-content\/uploads\/sites\/127\/2015\/09\/Elbschule-6a-638x328.jpg\" height=\"329\" width=\"640\" alt=\"\" class=\"slider-586 slide-592 msDefaultImage\" \/><img loading=\"lazy\" decoding=\"async\" src=\"https:\/\/elbschule.hamburg.de\/wp-content\/uploads\/sites\/127\/2015\/09\/Elbschule-5a-555x285.jpg\" height=\"329\" width=\"640\" alt=\"\" class=\"slider-586 slide-591 msDefaultImage\" \/><img loading=\"lazy\" decoding=\"async\" src=\"https:\/\/elbschule.hamburg.de\/wp-content\/uploads\/sites\/127\/2015\/09\/Elbschule-4a-638x328.jpg\" height=\"329\" width=\"640\" alt=\"\" class=\"slider-586 slide-590 msDefaultImage\" \/><img loading=\"lazy\" decoding=\"async\" src=\"https:\/\/elbschule.hamburg.de\/wp-content\/uploads\/sites\/127\/2015\/09\/Elbschule-3a-638x328.jpg\" height=\"329\" width=\"640\" alt=\"\" class=\"slider-586 slide-589 msDefaultImage\" \/><img loading=\"lazy\" decoding=\"async\" src=\"https:\/\/elbschule.hamburg.de\/wp-content\/uploads\/sites\/127\/2015\/09\/Elbschule-2a.jpg\" height=\"329\" width=\"640\" alt=\"\" class=\"slider-586 slide-588 msDefaultImage\" \/><img loading=\"lazy\" decoding=\"async\" src=\"https:\/\/elbschule.hamburg.de\/wp-content\/uploads\/sites\/127\/2015\/09\/Elbschule-1a-638x328.jpg\" height=\"329\" width=\"640\" alt=\"\" class=\"slider-586 slide-587 msDefaultImage\" \/><img loading=\"lazy\" decoding=\"async\" src=\"https:\/\/elbschule.hamburg.de\/wp-content\/uploads\/sites\/127\/2023\/12\/Kollegium-Elbschule-2023-640x329.jpg\" height=\"329\" width=\"640\" title=\"Kollegium Elbschule 2023\" alt=\"\" class=\"slider-586 slide-2672 msDefaultImage\" \/><\/div><\/div>\n        \n    <\/div>\n<\/div>\n<p>Die Elbschule ist eine inklusive Grund- und Stadtteilschule in Hamburg-Othmarschen.<br \/>\nWir sind mit \u00fcber 300 Sch\u00fclerinnen und Sch\u00fclern in das neue Schuljahr 2025\/26 gestartet.<\/p>\n<p><strong>Elbschule<br \/>\n<\/strong>Bildungszentrum H\u00f6ren und Kommunikation<br \/>\nHolmbrook 20, 22605 Hamburg<br \/>\nTel. 040-428485-0, Fax 040-428485-222<br \/>\nLeitzahl 739\/5145<br \/>\n<span style=\"color: #000000\"><a href=\"mailto:elbschule@bsfb.hamburg.de\"><span style=\"text-decoration: underline\">elbschule@bsfb.hamburg.de<\/span><\/a> (Achtung: neue E-Mail!)<\/span><\/p>\n<p><img loading=\"lazy\" decoding=\"async\" class=\"alignnone wp-image-1075\" src=\"https:\/\/elbschule.hamburg.de\/wp-content\/uploads\/sites\/127\/2016\/10\/Terminuebersicht-150x150.png\" alt=\"terminuebersicht\" width=\"50\" height=\"50\" srcset=\"https:\/\/elbschule.hamburg.de\/wp-content\/uploads\/sites\/127\/2016\/10\/Terminuebersicht-150x150.png 150w, https:\/\/elbschule.hamburg.de\/wp-content\/uploads\/sites\/127\/2016\/10\/Terminuebersicht-50x50.png 50w\" sizes=\"auto, (max-width: 50px) 100vw, 50px\" \/>\u00a0 <span style=\"color: #000000\">\u00a0\u00a0 <a href=\"https:\/\/elbschule.hamburg.de\/wp-content\/uploads\/sites\/127\/2026\/03\/Termine-fuer-Homepage-2025-2026_Stand_09.02.2026_NEU.pdf\" target=\"_blank\" rel=\"noopener\">Termin\u00fcbersicht\u00a0 Schuljahr 2025\/26 Stand 09.02.2026<\/a><\/span><\/p>\n<p><img loading=\"lazy\" decoding=\"async\" class=\"alignnone wp-image-154\" src=\"https:\/\/elbschule.hamburg.de\/wp-content\/uploads\/sites\/127\/2015\/01\/Schaubild-Elbschule-150x150.jpg\" alt=\"Schaubild Elbschule\" width=\"56\" height=\"56\" \/>\u00a0\u00a0 <a href=\"https:\/\/elbschule.hamburg.de\/wp-content\/uploads\/sites\/127\/2024\/10\/Schaubilder-Elbschule-2024-25.pdf\" target=\"_blank\" rel=\"noopener noreferrer\">Bildungszentrum Schaubilder Schuljahr 2024\/25<\/a><\/p>\n<p><img loading=\"lazy\" decoding=\"async\" class=\"alignnone wp-image-535\" src=\"https:\/\/elbschule.hamburg.de\/wp-content\/uploads\/sites\/127\/2015\/08\/Bildschirmfoto-2015-08-30-um-18.00.12.png\" alt=\"Flyer Elbschule Titel\" width=\"53\" height=\"53\" srcset=\"https:\/\/elbschule.hamburg.de\/wp-content\/uploads\/sites\/127\/2015\/08\/Bildschirmfoto-2015-08-30-um-18.00.12.png 570w, https:\/\/elbschule.hamburg.de\/wp-content\/uploads\/sites\/127\/2015\/08\/Bildschirmfoto-2015-08-30-um-18.00.12-150x150.png 150w, https:\/\/elbschule.hamburg.de\/wp-content\/uploads\/sites\/127\/2015\/08\/Bildschirmfoto-2015-08-30-um-18.00.12-300x298.png 300w\" sizes=\"auto, (max-width: 53px) 100vw, 53px\" \/>\u00a0\u00a0\u00a0\u00a0 <a href=\"https:\/\/elbschule.hamburg.de\/wp-content\/uploads\/sites\/127\/2015\/08\/Flyer_Elbschule_120x120.pdf\" target=\"_blank\" rel=\"noopener noreferrer\">Flyer Elbschule<\/a><\/p>\n","protected":false},"excerpt":{"rendered":"<p>Die Elbschule ist eine inklusive Grund- und Stadtteilschule in Hamburg-Othmarschen. Wir sind mit \u00fcber 300 Sch\u00fclerinnen und Sch\u00fclern in das neue Schuljahr 2025\/26 gestartet. Elbschule Bildungszentrum H\u00f6ren und Kommunikation Holmbrook 20, 22605 Hamburg Tel. 040-428485-0, Fax 040-428485-222 Leitzahl 739\/5145 elbschule@bsfb.hamburg.de (Achtung: neue E-Mail!) \u00a0 \u00a0\u00a0 Termin\u00fcbersicht\u00a0 Schuljahr 2025\/26 Stand 09.02.2026 \u00a0\u00a0 Bildungszentrum Schaubilder Schuljahr 2024\/25 &hellip; <a href=\"https:\/\/elbschule.hamburg.de\/\" class=\"more-link\"><span class=\"screen-reader-text\">Willkommen auf unserer Homepage!<\/span> weiterlesen <span class=\"meta-nav\">&rarr;<\/span><\/a><\/p>\n","protected":false},"author":195,"featured_media":0,"parent":0,"menu_order":0,"comment_status":"closed","ping_status":"closed","template":"","meta":{"_acf_changed":false,"footnotes":""},"class_list":["post-10","page","type-page","status-publish","hentry"],"acf":[],"_links":{"self":[{"href":"https:\/\/elbschule.hamburg.de\/index.php?rest_route=\/wp\/v2\/pages\/10","targetHints":{"allow":["GET"]}}],"collection":[{"href":"https:\/\/elbschule.hamburg.de\/index.php?rest_route=\/wp\/v2\/pages"}],"about":[{"href":"https:\/\/elbschule.hamburg.de\/index.php?rest_route=\/wp\/v2\/types\/page"}],"author":[{"embeddable":true,"href":"https:\/\/elbschule.hamburg.de\/index.php?rest_route=\/wp\/v2\/users\/195"}],"replies":[{"embeddable":true,"href":"https:\/\/elbschule.hamburg.de\/index.php?rest_route=%2Fwp%2Fv2%2Fcomments&post=10"}],"version-history":[{"count":134,"href":"https:\/\/elbschule.hamburg.de\/index.php?rest_route=\/wp\/v2\/pages\/10\/revisions"}],"predecessor-version":[{"id":5408,"href":"https:\/\/elbschule.hamburg.de\/index.php?rest_route=\/wp\/v2\/pages\/10\/revisions\/5408"}],"wp:attachment":[{"href":"https:\/\/elbschule.hamburg.de\/index.php?rest_route=%2Fwp%2Fv2%2Fmedia&parent=10"}],"curies":[{"name":"wp","href":"https:\/\/api.w.org\/{rel}","templated":true}]}}